{"id":2249,"date":"2023-09-04T07:35:40","date_gmt":"2023-09-04T05:35:40","guid":{"rendered":"https:\/\/www.loopi.fr\/?page_id=2249"},"modified":"2026-03-06T10:35:12","modified_gmt":"2026-03-06T09:35:12","slug":"conditions-generales-utilisation","status":"publish","type":"page","link":"https:\/\/www.loopi.fr\/en\/conditions-generales-utilisation\/","title":{"rendered":"Conditions G\u00e9n\u00e9rales d&rsquo;Utilisation"},"content":{"rendered":"<p>[et_pb_section fb_built=\u00a0\u00bb1&Prime; _builder_version=\u00a0\u00bb4.22.1&Prime; _module_preset=\u00a0\u00bbdefault\u00a0\u00bb global_colors_info=\u00a0\u00bb{}\u00a0\u00bb][et_pb_row _builder_version=\u00a0\u00bb4.22.1&Prime; _module_preset=\u00a0\u00bbdefault\u00a0\u00bb global_colors_info=\u00a0\u00bb{}\u00a0\u00bb][et_pb_column type=\u00a0\u00bb4_4&Prime; _builder_version=\u00a0\u00bb4.22.1&Prime; _module_preset=\u00a0\u00bbdefault\u00a0\u00bb global_colors_info=\u00a0\u00bb{}\u00a0\u00bb][et_pb_text _builder_version=\u00a0\u00bb4.22.1&Prime; _module_preset=\u00a0\u00bbdefault\u00a0\u00bb global_colors_info=\u00a0\u00bb{}\u00a0\u00bb][\/et_pb_text][\/et_pb_column][\/et_pb_row][\/et_pb_section]<\/p>","protected":false},"excerpt":{"rendered":"","protected":false},"author":1,"featured_media":0,"parent":0,"menu_order":0,"comment_status":"closed","ping_status":"closed","template":"","meta":{"_et_pb_use_builder":"on","_et_pb_old_content":"","_et_gb_content_width":"","footnotes":""},"class_list":["post-2249","page","type-page","status-publish","hentry"],"yoast_head":"<!-- This site is optimized with the Yoast SEO plugin v26.0 - https:\/\/yoast.com\/wordpress\/plugins\/seo\/ -->\n<title>Conditions G\u00e9n\u00e9rales d&#039;Utilisation &#8211; Loopi<\/title>\n<meta name=\"description\" content=\"Consultez les conditions g\u00e9n\u00e9rales d&#039;utilisation de Loopi pour une compr\u00e9hension claire et pr\u00e9cise de vos engagements et responsabilit\u00e9s.\" \/>\n<meta name=\"robots\" content=\"index, follow, max-snippet:-1, max-image-preview:large, max-video-preview:-1\" \/>\n<link rel=\"canonical\" href=\"https:\/\/www.loopi.fr\/en\/conditions-generales-utilisation\/\" \/>\n<meta property=\"og:locale\" content=\"en_US\" \/>\n<meta property=\"og:type\" content=\"article\" \/>\n<meta property=\"og:title\" content=\"Conditions G\u00e9n\u00e9rales d&#039;Utilisation &#8211; Loopi\" \/>\n<meta property=\"og:description\" content=\"Consultez les conditions g\u00e9n\u00e9rales d&#039;utilisation de Loopi pour une compr\u00e9hension claire et pr\u00e9cise de vos engagements et responsabilit\u00e9s.\" \/>\n<meta property=\"og:url\" content=\"https:\/\/www.loopi.fr\/en\/conditions-generales-utilisation\/\" \/>\n<meta property=\"og:site_name\" content=\"Loopi\" \/>\n<meta property=\"article:publisher\" content=\"https:\/\/www.facebook.com\/LoopiVelo\" \/>\n<meta property=\"article:modified_time\" content=\"2026-03-06T09:35:12+00:00\" \/>\n<meta property=\"og:image\" content=\"https:\/\/www.loopi.fr\/wp-content\/uploads\/2023\/09\/illustration-loopi-paysage@2x-1-scaled.webp\" \/>\n\t<meta property=\"og:image:width\" content=\"2560\" \/>\n\t<meta property=\"og:image:height\" content=\"1495\" \/>\n\t<meta property=\"og:image:type\" content=\"image\/webp\" \/>\n<meta name=\"twitter:card\" content=\"summary_large_image\" \/>\n<meta name=\"twitter:site\" content=\"@loopivelo\" \/>\n<script type=\"application\/ld+json\" class=\"yoast-schema-graph\">{\"@context\":\"https:\/\/schema.org\",\"@graph\":[{\"@type\":\"WebPage\",\"@id\":\"https:\/\/www.loopi.fr\/conditions-generales-utilisation\/\",\"url\":\"https:\/\/www.loopi.fr\/conditions-generales-utilisation\/\",\"name\":\"Conditions G\u00e9n\u00e9rales d'Utilisation &#8211; Loopi\",\"isPartOf\":{\"@id\":\"https:\/\/loopi-wp.moustic-multimedia.fr\/fr_fr\/#website\"},\"datePublished\":\"2023-09-04T05:35:40+00:00\",\"dateModified\":\"2026-03-06T09:35:12+00:00\",\"description\":\"Consultez les conditions g\u00e9n\u00e9rales d'utilisation de Loopi pour une compr\u00e9hension claire et pr\u00e9cise de vos engagements et responsabilit\u00e9s.\",\"breadcrumb\":{\"@id\":\"https:\/\/www.loopi.fr\/conditions-generales-utilisation\/#breadcrumb\"},\"inLanguage\":\"en-US\",\"potentialAction\":[{\"@type\":\"ReadAction\",\"target\":[\"https:\/\/www.loopi.fr\/conditions-generales-utilisation\/\"]}]},{\"@type\":\"BreadcrumbList\",\"@id\":\"https:\/\/www.loopi.fr\/conditions-generales-utilisation\/#breadcrumb\",\"itemListElement\":[{\"@type\":\"ListItem\",\"position\":1,\"name\":\"Accueil\",\"item\":\"https:\/\/www.loopi.fr\/fr\/\"},{\"@type\":\"ListItem\",\"position\":2,\"name\":\"Conditions G\u00e9n\u00e9rales d&rsquo;Utilisation\"}]},{\"@type\":\"WebSite\",\"@id\":\"https:\/\/loopi-wp.moustic-multimedia.fr\/fr_fr\/#website\",\"url\":\"https:\/\/loopi-wp.moustic-multimedia.fr\/fr_fr\/\",\"name\":\"Loopi\",\"description\":\"Acc\u00e9l\u00e9rez votre transition vers un tourisme durable\",\"publisher\":{\"@id\":\"https:\/\/loopi-wp.moustic-multimedia.fr\/fr_fr\/#organization\"},\"potentialAction\":[{\"@type\":\"SearchAction\",\"target\":{\"@type\":\"EntryPoint\",\"urlTemplate\":\"https:\/\/loopi-wp.moustic-multimedia.fr\/fr_fr\/?s={search_term_string}\"},\"query-input\":{\"@type\":\"PropertyValueSpecification\",\"valueRequired\":true,\"valueName\":\"search_term_string\"}}],\"inLanguage\":\"en-US\"},{\"@type\":\"Organization\",\"@id\":\"https:\/\/loopi-wp.moustic-multimedia.fr\/fr_fr\/#organization\",\"name\":\"Loopi\",\"url\":\"https:\/\/loopi-wp.moustic-multimedia.fr\/fr_fr\/\",\"logo\":{\"@type\":\"ImageObject\",\"inLanguage\":\"en-US\",\"@id\":\"https:\/\/loopi-wp.moustic-multimedia.fr\/fr_fr\/#\/schema\/logo\/image\/\",\"url\":\"https:\/\/www.loopi.fr\/wp-content\/uploads\/2023\/09\/pastille-verte.png\",\"contentUrl\":\"https:\/\/www.loopi.fr\/wp-content\/uploads\/2023\/09\/pastille-verte.png\",\"width\":512,\"height\":512,\"caption\":\"Loopi\"},\"image\":{\"@id\":\"https:\/\/loopi-wp.moustic-multimedia.fr\/fr_fr\/#\/schema\/logo\/image\/\"},\"sameAs\":[\"https:\/\/www.facebook.com\/LoopiVelo\",\"https:\/\/x.com\/loopivelo\",\"https:\/\/www.instagram.com\/loopi_france\/\",\"https:\/\/fr.linkedin.com\/company\/loopi-voyage\",\"https:\/\/www.youtube.com\/@loopi2623\"]}]}<\/script>\n<!-- \/ Yoast SEO plugin. -->","yoast_head_json":{"title":"Conditions G\u00e9n\u00e9rales d'Utilisation &#8211; Loopi","description":"Consultez les conditions g\u00e9n\u00e9rales d'utilisation de Loopi pour une compr\u00e9hension claire et pr\u00e9cise de vos engagements et responsabilit\u00e9s.","robots":{"index":"index","follow":"follow","max-snippet":"max-snippet:-1","max-image-preview":"max-image-preview:large","max-video-preview":"max-video-preview:-1"},"canonical":"https:\/\/www.loopi.fr\/en\/conditions-generales-utilisation\/","og_locale":"en_US","og_type":"article","og_title":"Conditions G\u00e9n\u00e9rales d'Utilisation &#8211; Loopi","og_description":"Consultez les conditions g\u00e9n\u00e9rales d'utilisation de Loopi pour une compr\u00e9hension claire et pr\u00e9cise de vos engagements et responsabilit\u00e9s.","og_url":"https:\/\/www.loopi.fr\/en\/conditions-generales-utilisation\/","og_site_name":"Loopi","article_publisher":"https:\/\/www.facebook.com\/LoopiVelo","article_modified_time":"2026-03-06T09:35:12+00:00","og_image":[{"width":2560,"height":1495,"url":"https:\/\/www.loopi.fr\/wp-content\/uploads\/2023\/09\/illustration-loopi-paysage@2x-1-scaled.webp","type":"image\/webp"}],"twitter_card":"summary_large_image","twitter_site":"@loopivelo","schema":{"@context":"https:\/\/schema.org","@graph":[{"@type":"WebPage","@id":"https:\/\/www.loopi.fr\/conditions-generales-utilisation\/","url":"https:\/\/www.loopi.fr\/conditions-generales-utilisation\/","name":"Conditions G\u00e9n\u00e9rales d'Utilisation &#8211; Loopi","isPartOf":{"@id":"https:\/\/loopi-wp.moustic-multimedia.fr\/fr_fr\/#website"},"datePublished":"2023-09-04T05:35:40+00:00","dateModified":"2026-03-06T09:35:12+00:00","description":"Consultez les conditions g\u00e9n\u00e9rales d'utilisation de Loopi pour une compr\u00e9hension claire et pr\u00e9cise de vos engagements et responsabilit\u00e9s.","breadcrumb":{"@id":"https:\/\/www.loopi.fr\/conditions-generales-utilisation\/#breadcrumb"},"inLanguage":"en-US","potentialAction":[{"@type":"ReadAction","target":["https:\/\/www.loopi.fr\/conditions-generales-utilisation\/"]}]},{"@type":"BreadcrumbList","@id":"https:\/\/www.loopi.fr\/conditions-generales-utilisation\/#breadcrumb","itemListElement":[{"@type":"ListItem","position":1,"name":"Accueil","item":"https:\/\/www.loopi.fr\/fr\/"},{"@type":"ListItem","position":2,"name":"Conditions G\u00e9n\u00e9rales d&rsquo;Utilisation"}]},{"@type":"WebSite","@id":"https:\/\/loopi-wp.moustic-multimedia.fr\/fr_fr\/#website","url":"https:\/\/loopi-wp.moustic-multimedia.fr\/fr_fr\/","name":"Loopi","description":"Acc\u00e9l\u00e9rez votre transition vers un tourisme durable","publisher":{"@id":"https:\/\/loopi-wp.moustic-multimedia.fr\/fr_fr\/#organization"},"potentialAction":[{"@type":"SearchAction","target":{"@type":"EntryPoint","urlTemplate":"https:\/\/loopi-wp.moustic-multimedia.fr\/fr_fr\/?s={search_term_string}"},"query-input":{"@type":"PropertyValueSpecification","valueRequired":true,"valueName":"search_term_string"}}],"inLanguage":"en-US"},{"@type":"Organization","@id":"https:\/\/loopi-wp.moustic-multimedia.fr\/fr_fr\/#organization","name":"Loopi","url":"https:\/\/loopi-wp.moustic-multimedia.fr\/fr_fr\/","logo":{"@type":"ImageObject","inLanguage":"en-US","@id":"https:\/\/loopi-wp.moustic-multimedia.fr\/fr_fr\/#\/schema\/logo\/image\/","url":"https:\/\/www.loopi.fr\/wp-content\/uploads\/2023\/09\/pastille-verte.png","contentUrl":"https:\/\/www.loopi.fr\/wp-content\/uploads\/2023\/09\/pastille-verte.png","width":512,"height":512,"caption":"Loopi"},"image":{"@id":"https:\/\/loopi-wp.moustic-multimedia.fr\/fr_fr\/#\/schema\/logo\/image\/"},"sameAs":["https:\/\/www.facebook.com\/LoopiVelo","https:\/\/x.com\/loopivelo","https:\/\/www.instagram.com\/loopi_france\/","https:\/\/fr.linkedin.com\/company\/loopi-voyage","https:\/\/www.youtube.com\/@loopi2623"]}]}},"_links":{"self":[{"href":"https:\/\/www.loopi.fr\/en\/wp-json\/wp\/v2\/pages\/2249","targetHints":{"allow":["GET"]}}],"collection":[{"href":"https:\/\/www.loopi.fr\/en\/wp-json\/wp\/v2\/pages"}],"about":[{"href":"https:\/\/www.loopi.fr\/en\/wp-json\/wp\/v2\/types\/page"}],"author":[{"embeddable":true,"href":"https:\/\/www.loopi.fr\/en\/wp-json\/wp\/v2\/users\/1"}],"replies":[{"embeddable":true,"href":"https:\/\/www.loopi.fr\/en\/wp-json\/wp\/v2\/comments?post=2249"}],"version-history":[{"count":5,"href":"https:\/\/www.loopi.fr\/en\/wp-json\/wp\/v2\/pages\/2249\/revisions"}],"predecessor-version":[{"id":35256,"href":"https:\/\/www.loopi.fr\/en\/wp-json\/wp\/v2\/pages\/2249\/revisions\/35256"}],"wp:attachment":[{"href":"https:\/\/www.loopi.fr\/en\/wp-json\/wp\/v2\/media?parent=2249"}],"curies":[{"name":"wp","href":"https:\/\/api.w.org\/{rel}","templated":true}]}}