{"id":28074,"date":"2024-07-15T10:45:22","date_gmt":"2024-07-15T08:45:22","guid":{"rendered":"https:\/\/www.loopi.fr\/?page_id=28074"},"modified":"2026-03-06T11:01:29","modified_gmt":"2026-03-06T10:01:29","slug":"contact","status":"publish","type":"page","link":"https:\/\/www.loopi.fr\/en\/contact\/","title":{"rendered":"Contact"},"content":{"rendered":"<p>[et_pb_section fb_built=\u00a0\u00bb1&Prime; _builder_version=\u00a0\u00bb4.26.1&Prime; _module_preset=\u00a0\u00bbdefault\u00a0\u00bb background_color=\u00a0\u00bb#fff1f1&Prime; global_colors_info=\u00a0\u00bb{}\u00a0\u00bb][et_pb_row disabled_on=\u00a0\u00bbon|on|off\u00a0\u00bb _builder_version=\u00a0\u00bb4.22.2&Prime; _module_preset=\u00a0\u00bbdefault\u00a0\u00bb custom_padding=\u00a0\u00bb60px||0px||false|false\u00a0\u00bb global_colors_info=\u00a0\u00bb{}\u00a0\u00bb][et_pb_column type=\u00a0\u00bb4_4&Prime; _builder_version=\u00a0\u00bb4.22.2&Prime; _module_preset=\u00a0\u00bbdefault\u00a0\u00bb global_colors_info=\u00a0\u00bb{}\u00a0\u00bb][et_pb_text _builder_version=\u00a0\u00bb4.22.2&Prime; _module_preset=\u00a0\u00bbdefault\u00a0\u00bb text_font_size=\u00a0\u00bb12px\u00a0\u00bb background_enable_color=\u00a0\u00bboff\u00a0\u00bb width=\u00a0\u00bb100%\u00a0\u00bb custom_padding=\u00a0\u00bb5px|10px|5px|10px|true|true\u00a0\u00bb border_radii=\u00a0\u00bbon|10px|10px|10px|10px\u00a0\u00bb global_colors_info=\u00a0\u00bb{}\u00a0\u00bb]<\/p>\n<span><span><a href=\"https:\/\/www.loopi.fr\/en\/\">Home<\/a><\/span><\/span>\n<p>[\/et_pb_text][\/et_pb_column][\/et_pb_row][et_pb_row column_structure=\u00a0\u00bb1_2,1_2&Prime; use_custom_gutter=\u00a0\u00bbon\u00a0\u00bb gutter_width=\u00a0\u00bb4&Prime; _builder_version=\u00a0\u00bb4.26.1&Prime; _module_preset=\u00a0\u00bbdefault\u00a0\u00bb custom_margin=\u00a0\u00bb50px||||false|false\u00a0\u00bb custom_margin_tablet=\u00a0\u00bb100px||||false|false\u00a0\u00bb custom_margin_phone=\u00a0\u00bb40px||||false|false\u00a0\u00bb custom_margin_last_edited=\u00a0\u00bbon|phone\u00a0\u00bb global_colors_info=\u00a0\u00bb{}\u00a0\u00bb][et_pb_column type=\u00a0\u00bb1_2&Prime; _builder_version=\u00a0\u00bb4.22.1&Prime; _module_preset=\u00a0\u00bbdefault\u00a0\u00bb global_colors_info=\u00a0\u00bb{}\u00a0\u00bb][et_pb_text _builder_version=\u00a0\u00bb4.26.1&Prime; _module_preset=\u00a0\u00bbdefault\u00a0\u00bb header_font=\u00a0\u00bb|600|||||||\u00a0\u00bb header_text_color=\u00a0\u00bb#4d2625&Prime; header_font_size=\u00a0\u00bb60px\u00a0\u00bb header_line_height=\u00a0\u00bb1.25em\u00a0\u00bb custom_margin=\u00a0\u00bb||0px||false|false\u00a0\u00bb header_font_size_tablet=\u00a0\u00bb48px\u00a0\u00bb header_font_size_phone=\u00a0\u00bb28px\u00a0\u00bb header_font_size_last_edited=\u00a0\u00bbon|tablet\u00a0\u00bb global_colors_info=\u00a0\u00bb{}\u00a0\u00bb]<\/p>\n<h1>Contactez-nous<\/h1>\n<p>[\/et_pb_text][et_pb_text _builder_version=\u00a0\u00bb4.26.1&Prime; _module_preset=\u00a0\u00bbdefault\u00a0\u00bb text_text_color=\u00a0\u00bb#4d2625&Prime; text_font_size=\u00a0\u00bb25px\u00a0\u00bb text_line_height=\u00a0\u00bb1.32em\u00a0\u00bb header_2_font=\u00a0\u00bb|600|||||||\u00a0\u00bb header_2_text_align=\u00a0\u00bbcenter\u00a0\u00bb header_2_text_color=\u00a0\u00bb#201d42&Prime; header_2_font_size=\u00a0\u00bb40px\u00a0\u00bb header_2_line_height=\u00a0\u00bb1.3em\u00a0\u00bb width_tablet=\u00a0\u00bb100%\u00a0\u00bb width_phone=\u00a0\u00bb100%\u00a0\u00bb width_last_edited=\u00a0\u00bbon|phone\u00a0\u00bb module_alignment=\u00a0\u00bbcenter\u00a0\u00bb custom_margin=\u00a0\u00bb||10px||false|false\u00a0\u00bb text_font_size_tablet=\u00a0\u00bb25px\u00a0\u00bb text_font_size_phone=\u00a0\u00bb15px\u00a0\u00bb text_font_size_last_edited=\u00a0\u00bbon|phone\u00a0\u00bb header_2_text_align_tablet=\u00a0\u00bbleft\u00a0\u00bb header_2_text_align_phone=\u00a0\u00bbleft\u00a0\u00bb header_2_text_align_last_edited=\u00a0\u00bbon|phone\u00a0\u00bb header_2_font_size_tablet=\u00a0\u00bb40px\u00a0\u00bb header_2_font_size_phone=\u00a0\u00bb25px\u00a0\u00bb header_2_font_size_last_edited=\u00a0\u00bbon|phone\u00a0\u00bb global_colors_info=\u00a0\u00bb{}\u00a0\u00bb]<\/p>\n<p>Nous sommes l\u00e0 pour vous aider<\/p>\n<p>[\/et_pb_text][et_pb_text _builder_version=\u00a0\u00bb4.26.1&Prime; _module_preset=\u00a0\u00bbdefault\u00a0\u00bb text_font=\u00a0\u00bb||||||||\u00a0\u00bb text_text_color=\u00a0\u00bb#4d2625&Prime; text_font_size=\u00a0\u00bb18px\u00a0\u00bb text_line_height=\u00a0\u00bb1.23em\u00a0\u00bb header_2_font=\u00a0\u00bb|600|||||||\u00a0\u00bb header_2_text_align=\u00a0\u00bbleft\u00a0\u00bb header_2_text_color=\u00a0\u00bb#33240f\u00a0\u00bb header_2_font_size=\u00a0\u00bb50px\u00a0\u00bb header_2_line_height=\u00a0\u00bb1.2em\u00a0\u00bb width=\u00a0\u00bb100%\u00a0\u00bb width_tablet=\u00a0\u00bb75%\u00a0\u00bb width_phone=\u00a0\u00bb75%\u00a0\u00bb width_last_edited=\u00a0\u00bboff|desktop\u00a0\u00bb custom_margin=\u00a0\u00bb||||false|false\u00a0\u00bb header_2_text_align_tablet=\u00a0\u00bbleft\u00a0\u00bb header_2_text_align_phone=\u00a0\u00bbleft\u00a0\u00bb header_2_text_align_last_edited=\u00a0\u00bbon|phone\u00a0\u00bb header_2_font_size_tablet=\u00a0\u00bb38px\u00a0\u00bb header_2_font_size_phone=\u00a0\u00bb25px\u00a0\u00bb header_2_font_size_last_edited=\u00a0\u00bbon|phone\u00a0\u00bb module_alignment_tablet=\u00a0\u00bbcenter\u00a0\u00bb module_alignment_phone=\u00a0\u00bbcenter\u00a0\u00bb module_alignment_last_edited=\u00a0\u00bboff|desktop\u00a0\u00bb global_colors_info=\u00a0\u00bb{}\u00a0\u00bb]<\/p>\n<p>Vous avez des questions, besoin d&rsquo;assistance ou souhaitez en savoir plus sur l&rsquo;application Loopi ? Notre \u00e9quipe est \u00e0 votre \u00e9coute. Contactez-nous par le biais de l&rsquo;un des moyens suivants :<\/p>\n<p>[\/et_pb_text][et_pb_text _builder_version=\u00a0\u00bb4.26.1&Prime; _module_preset=\u00a0\u00bbdefault\u00a0\u00bb text_font=\u00a0\u00bb||||||||\u00a0\u00bb text_text_color=\u00a0\u00bb#4d2625&Prime; text_font_size=\u00a0\u00bb20px\u00a0\u00bb text_line_height=\u00a0\u00bb1.25em\u00a0\u00bb header_3_font=\u00a0\u00bb|700|||||||\u00a0\u00bb header_3_text_color=\u00a0\u00bb#4d2625&Prime; header_3_font_size=\u00a0\u00bb20px\u00a0\u00bb header_3_line_height=\u00a0\u00bb1.25em\u00a0\u00bb background_color=\u00a0\u00bb#ffc7c6&Prime; custom_padding=\u00a0\u00bb20px|20px|20px|20px|true|true\u00a0\u00bb border_radii=\u00a0\u00bbon|20px|20px|20px|20px\u00a0\u00bb global_colors_info=\u00a0\u00bb{}\u00a0\u00bb]<\/p>\n<h3>La Rochelle Office<\/h3>\n<p>Loopi<br \/>2 avenue du Commandant Lysiack<br \/>17440 Aytr\u00e9, France<\/p>\n<p>[\/et_pb_text][et_pb_text _builder_version=\u00a0\u00bb4.26.1&Prime; _module_preset=\u00a0\u00bbdefault\u00a0\u00bb text_font=\u00a0\u00bb||||||||\u00a0\u00bb text_text_color=\u00a0\u00bb#4d2625&Prime; text_font_size=\u00a0\u00bb20px\u00a0\u00bb text_line_height=\u00a0\u00bb1.25em\u00a0\u00bb header_3_font=\u00a0\u00bb|700|||||||\u00a0\u00bb header_3_text_color=\u00a0\u00bb#4d2625&Prime; header_3_font_size=\u00a0\u00bb20px\u00a0\u00bb header_3_line_height=\u00a0\u00bb1.25em\u00a0\u00bb background_color=\u00a0\u00bb#ffc7c6&Prime; custom_padding=\u00a0\u00bb20px|20px|20px|20px|true|true\u00a0\u00bb border_radii=\u00a0\u00bbon|20px|20px|20px|20px\u00a0\u00bb global_colors_info=\u00a0\u00bb{}\u00a0\u00bb]<\/p>\n<h3>T\u00e9l\u00e9phone<\/h3>\n<p><a href=\"tel:+33546414787\">05 46 41 47 87<\/a>[\/et_pb_text][et_pb_text _builder_version=\u00a0\u00bb4.26.1&Prime; _module_preset=\u00a0\u00bbdefault\u00a0\u00bb text_font=\u00a0\u00bb||||||||\u00a0\u00bb text_text_color=\u00a0\u00bb#4d2625&Prime; text_font_size=\u00a0\u00bb20px\u00a0\u00bb text_line_height=\u00a0\u00bb1.25em\u00a0\u00bb header_3_font=\u00a0\u00bb|700|||||||\u00a0\u00bb header_3_text_color=\u00a0\u00bb#4d2625&Prime; header_3_font_size=\u00a0\u00bb20px\u00a0\u00bb header_3_line_height=\u00a0\u00bb1.25em\u00a0\u00bb background_color=\u00a0\u00bb#ffc7c6&Prime; custom_padding=\u00a0\u00bb20px|20px|20px|20px|true|true\u00a0\u00bb border_radii=\u00a0\u00bbon|20px|20px|20px|20px\u00a0\u00bb global_colors_info=\u00a0\u00bb{}\u00a0\u00bb]<\/p>\n<h3>Horaires d&rsquo;ouverture<\/h3>\n<p>Lundi &#8211; Vendredi : 9h00 &#8211; 18h00[\/et_pb_text][\/et_pb_column][et_pb_column type=\u00a0\u00bb1_2&Prime; _builder_version=\u00a0\u00bb4.26.1&Prime; _module_preset=\u00a0\u00bbdefault\u00a0\u00bb background_color=\u00a0\u00bb#FFFFFF\u00a0\u00bb custom_padding=\u00a0\u00bb50px||50px||true|false\u00a0\u00bb border_radii=\u00a0\u00bbon|20px|20px|20px|20px\u00a0\u00bb box_shadow_style=\u00a0\u00bbpreset1&Prime; global_colors_info=\u00a0\u00bb{}\u00a0\u00bb][et_pb_code _builder_version=\u00a0\u00bb4.27.4&Prime; _module_preset=\u00a0\u00bbdefault\u00a0\u00bb custom_padding=\u00a0\u00bb|50px||50px|false|true\u00a0\u00bb custom_padding_tablet=\u00a0\u00bb\u00a0\u00bb custom_padding_phone=\u00a0\u00bb40px|50px|40px|50px|true|true\u00a0\u00bb custom_padding_last_edited=\u00a0\u00bbon|phone\u00a0\u00bb global_colors_info=\u00a0\u00bb{}\u00a0\u00bb]\n<div class=\"wpcf7 no-js\" id=\"wpcf7-f28554-o1\" lang=\"fr-FR\" dir=\"ltr\" data-wpcf7-id=\"28554\">\n<div class=\"screen-reader-response\"><p role=\"status\" aria-live=\"polite\" aria-atomic=\"true\"><\/p> <ul><\/ul><\/div>\n<form action=\"\/en\/wp-json\/wp\/v2\/pages\/28074#wpcf7-f28554-o1\" method=\"post\" class=\"wpcf7-form init\" aria-label=\"Formulaire de contact\" novalidate=\"novalidate\" data-status=\"init\" data-trp-original-action=\"\/en\/wp-json\/wp\/v2\/pages\/28074#wpcf7-f28554-o1\">\n<fieldset class=\"hidden-fields-container\"><input type=\"hidden\" name=\"_wpcf7\" value=\"28554\" \/><input type=\"hidden\" name=\"_wpcf7_version\" value=\"6.1.1\" \/><input type=\"hidden\" name=\"_wpcf7_locale\" value=\"fr_FR\" \/><input type=\"hidden\" name=\"_wpcf7_unit_tag\" value=\"wpcf7-f28554-o1\" \/><input type=\"hidden\" name=\"_wpcf7_container_post\" value=\"0\" \/><input type=\"hidden\" name=\"_wpcf7_posted_data_hash\" value=\"\" \/><input type=\"hidden\" name=\"_wpcf7_recaptcha_response\" value=\"\" \/>\n<\/fieldset>\n<p><br \/>\n<label>Nom*<br \/>\n<span class=\"wpcf7-form-control-wrap\" data-name=\"nom\"><input size=\"40\" maxlength=\"400\" class=\"wpcf7-form-control wpcf7-text wpcf7-validates-as-required\" aria-required=\"true\" aria-invalid=\"false\" placeholder=\"Votre nom\" value=\"\" type=\"text\" name=\"nom\" \/><\/span><br \/>\n<\/label>\n<\/p>\n<p><br \/>\n<label>Pr\u00e9nom*<br \/>\n<span class=\"wpcf7-form-control-wrap\" data-name=\"prenom\"><input size=\"40\" maxlength=\"400\" class=\"wpcf7-form-control wpcf7-text wpcf7-validates-as-required\" aria-required=\"true\" aria-invalid=\"false\" placeholder=\"Votre pr\u00e9nom\" value=\"\" type=\"text\" name=\"prenom\" \/><\/span><br \/>\n<\/label>\n<\/p>\n<p><br \/>\n<label>E-mail*<br \/>\n<span class=\"wpcf7-form-control-wrap\" data-name=\"email\"><input size=\"40\" maxlength=\"400\" class=\"wpcf7-form-control wpcf7-email wpcf7-validates-as-required wpcf7-text wpcf7-validates-as-email\" aria-required=\"true\" aria-invalid=\"false\" placeholder=\"Votre e-mail\" value=\"\" type=\"email\" name=\"email\" \/><\/span><br \/>\n<\/label>\n<\/p>\n<p><br \/>\n<label>Num\u00e9ro de t\u00e9l\u00e9phone*<br \/>\n<span class=\"wpcf7-form-control-wrap\" data-name=\"telephone\"><input size=\"40\" maxlength=\"400\" class=\"wpcf7-form-control wpcf7-tel wpcf7-validates-as-required wpcf7-text wpcf7-validates-as-tel\" aria-required=\"true\" aria-invalid=\"false\" placeholder=\"Votre n\u00b0 de t\u00e9l\u00e9phone\" value=\"\" type=\"tel\" name=\"telephone\" \/><\/span><br \/>\n<\/label>\n<\/p>\n<p><br \/>\n<label>Type d\u2019entreprise*<br \/>\n<span class=\"wpcf7-form-control-wrap\" data-name=\"type-entreprise\"><select class=\"wpcf7-form-control wpcf7-select wpcf7-validates-as-required\" aria-required=\"true\" aria-invalid=\"false\" name=\"type-entreprise\"><option value=\"Collectivit\u00e9\">Collectivit\u00e9<\/option><option value=\"Agence de voyages\">Agence de voyages<\/option><option value=\"Travel Planner\">Travel Planner<\/option><option value=\"Loueur\">Loueur<\/option><option value=\"Guide\">Guide<\/option><option value=\"H\u00e9bergeur\">H\u00e9bergeur<\/option><option value=\"M\u00e9dia\">M\u00e9dia<\/option><option value=\"Particulier\">Particulier<\/option><option value=\"Autres\">Autres<\/option><\/select><\/span><br \/>\n<\/label>\n<\/p>\n<p><br \/>\n<label>Message*<br \/>\n<span class=\"wpcf7-form-control-wrap\" data-name=\"message\"><textarea cols=\"40\" rows=\"10\" maxlength=\"2000\" class=\"wpcf7-form-control wpcf7-textarea wpcf7-validates-as-required\" aria-required=\"true\" aria-invalid=\"false\" placeholder=\"Votre message\" name=\"message\"><\/textarea><\/span><br \/>\n<\/label>\n<\/p>\n<p><br \/>\n<input class=\"wpcf7-form-control wpcf7-submit has-spinner\" type=\"submit\" value=\"Envoyer\" \/>\n<\/p><div class=\"wpcf7-response-output\" aria-hidden=\"true\"><\/div>\n<input type=\"hidden\" name=\"trp-form-language\" value=\"en\"\/><\/form>\n<\/div>\n[\/et_pb_code][\/et_pb_column][\/et_pb_row][\/et_pb_section]<\/p>","protected":false},"excerpt":{"rendered":"<p><span><span><a href=\"https:\/\/www.loopi.fr\/en\/\">Home<\/a><\/span><\/span>Contactez-nousNous sommes l\u00e0 pour vous aiderVous avez des questions, besoin d&rsquo;assistance ou souhaitez en savoir plus sur l&rsquo;application Loopi ? Notre \u00e9quipe est \u00e0 votre \u00e9coute. Contactez-nous par le biais de l&rsquo;un des moyens suivants :Bureau La Rochelle Loopi2 avenue du Commandant Lysiack17440 Aytr\u00e9, FranceT\u00e9l\u00e9phone 05 46 41 47 87Horaires d&rsquo;ouverture Lundi &#8211; Vendredi : [&hellip;]<\/p>","protected":false},"author":1,"featured_media":2373,"parent":0,"menu_order":0,"comment_status":"closed","ping_status":"closed","template":"","meta":{"_et_pb_use_builder":"on","_et_pb_old_content":"","_et_gb_content_width":"","footnotes":""},"class_list":["post-28074","page","type-page","status-publish","has-post-thumbnail","hentry"],"yoast_head":"<!-- This site is optimized with the Yoast SEO plugin v26.0 - https:\/\/yoast.com\/wordpress\/plugins\/seo\/ -->\n<title>Contact &#8211; Loopi<\/title>\n<meta name=\"description\" content=\"Contactez l&#039;\u00e9quipe Loopi pour toute question, assistance ou information sur notre application. Nous sommes l\u00e0 pour vous aider !\" \/>\n<meta name=\"robots\" content=\"index, follow, max-snippet:-1, max-image-preview:large, max-video-preview:-1\" \/>\n<link rel=\"canonical\" href=\"https:\/\/www.loopi.fr\/en\/contact\/\" \/>\n<meta property=\"og:locale\" content=\"en_US\" \/>\n<meta property=\"og:type\" content=\"article\" \/>\n<meta property=\"og:title\" content=\"Contact &#8211; Loopi\" \/>\n<meta property=\"og:description\" content=\"Contactez l&#039;\u00e9quipe Loopi pour toute question, assistance ou information sur notre application. Nous sommes l\u00e0 pour vous aider !\" \/>\n<meta property=\"og:url\" content=\"https:\/\/www.loopi.fr\/en\/contact\/\" \/>\n<meta property=\"og:site_name\" content=\"Loopi\" \/>\n<meta property=\"article:publisher\" content=\"https:\/\/www.facebook.com\/LoopiVelo\" \/>\n<meta property=\"article:modified_time\" content=\"2026-03-06T10:01:29+00:00\" \/>\n<meta property=\"og:image\" content=\"https:\/\/www.loopi.fr\/wp-content\/uploads\/2023\/09\/illustration-loopi-paysage@2x-1-scaled.webp\" \/>\n\t<meta property=\"og:image:width\" content=\"2560\" \/>\n\t<meta property=\"og:image:height\" content=\"1495\" \/>\n\t<meta property=\"og:image:type\" content=\"image\/webp\" \/>\n<meta name=\"twitter:card\" content=\"summary_large_image\" \/>\n<meta name=\"twitter:site\" content=\"@loopivelo\" \/>\n<meta name=\"twitter:label1\" content=\"Est. reading time\" \/>\n\t<meta name=\"twitter:data1\" content=\"1 minute\" \/>\n<script type=\"application\/ld+json\" class=\"yoast-schema-graph\">{\"@context\":\"https:\/\/schema.org\",\"@graph\":[{\"@type\":\"WebPage\",\"@id\":\"https:\/\/www.loopi.fr\/contact\/\",\"url\":\"https:\/\/www.loopi.fr\/contact\/\",\"name\":\"Contact &#8211; Loopi\",\"isPartOf\":{\"@id\":\"https:\/\/loopi-wp.moustic-multimedia.fr\/fr_fr\/#website\"},\"primaryImageOfPage\":{\"@id\":\"https:\/\/www.loopi.fr\/contact\/#primaryimage\"},\"image\":{\"@id\":\"https:\/\/www.loopi.fr\/contact\/#primaryimage\"},\"thumbnailUrl\":\"https:\/\/www.loopi.fr\/wp-content\/uploads\/2023\/09\/illustration-loopi-paysage@2x-1-scaled.webp\",\"datePublished\":\"2024-07-15T08:45:22+00:00\",\"dateModified\":\"2026-03-06T10:01:29+00:00\",\"description\":\"Contactez l'\u00e9quipe Loopi pour toute question, assistance ou information sur notre application. Nous sommes l\u00e0 pour vous aider !\",\"breadcrumb\":{\"@id\":\"https:\/\/www.loopi.fr\/contact\/#breadcrumb\"},\"inLanguage\":\"en-US\",\"potentialAction\":[{\"@type\":\"ReadAction\",\"target\":[\"https:\/\/www.loopi.fr\/contact\/\"]}]},{\"@type\":\"ImageObject\",\"inLanguage\":\"en-US\",\"@id\":\"https:\/\/www.loopi.fr\/contact\/#primaryimage\",\"url\":\"https:\/\/www.loopi.fr\/wp-content\/uploads\/2023\/09\/illustration-loopi-paysage@2x-1-scaled.webp\",\"contentUrl\":\"https:\/\/www.loopi.fr\/wp-content\/uploads\/2023\/09\/illustration-loopi-paysage@2x-1-scaled.webp\",\"width\":2560,\"height\":1495},{\"@type\":\"BreadcrumbList\",\"@id\":\"https:\/\/www.loopi.fr\/contact\/#breadcrumb\",\"itemListElement\":[{\"@type\":\"ListItem\",\"position\":1,\"name\":\"Accueil\",\"item\":\"https:\/\/www.loopi.fr\/fr\/\"},{\"@type\":\"ListItem\",\"position\":2,\"name\":\"Contact\"}]},{\"@type\":\"WebSite\",\"@id\":\"https:\/\/loopi-wp.moustic-multimedia.fr\/fr_fr\/#website\",\"url\":\"https:\/\/loopi-wp.moustic-multimedia.fr\/fr_fr\/\",\"name\":\"Loopi\",\"description\":\"Acc\u00e9l\u00e9rez votre transition vers un tourisme durable\",\"publisher\":{\"@id\":\"https:\/\/loopi-wp.moustic-multimedia.fr\/fr_fr\/#organization\"},\"potentialAction\":[{\"@type\":\"SearchAction\",\"target\":{\"@type\":\"EntryPoint\",\"urlTemplate\":\"https:\/\/loopi-wp.moustic-multimedia.fr\/fr_fr\/?s={search_term_string}\"},\"query-input\":{\"@type\":\"PropertyValueSpecification\",\"valueRequired\":true,\"valueName\":\"search_term_string\"}}],\"inLanguage\":\"en-US\"},{\"@type\":\"Organization\",\"@id\":\"https:\/\/loopi-wp.moustic-multimedia.fr\/fr_fr\/#organization\",\"name\":\"Loopi\",\"url\":\"https:\/\/loopi-wp.moustic-multimedia.fr\/fr_fr\/\",\"logo\":{\"@type\":\"ImageObject\",\"inLanguage\":\"en-US\",\"@id\":\"https:\/\/loopi-wp.moustic-multimedia.fr\/fr_fr\/#\/schema\/logo\/image\/\",\"url\":\"https:\/\/www.loopi.fr\/wp-content\/uploads\/2023\/09\/pastille-verte.png\",\"contentUrl\":\"https:\/\/www.loopi.fr\/wp-content\/uploads\/2023\/09\/pastille-verte.png\",\"width\":512,\"height\":512,\"caption\":\"Loopi\"},\"image\":{\"@id\":\"https:\/\/loopi-wp.moustic-multimedia.fr\/fr_fr\/#\/schema\/logo\/image\/\"},\"sameAs\":[\"https:\/\/www.facebook.com\/LoopiVelo\",\"https:\/\/x.com\/loopivelo\",\"https:\/\/www.instagram.com\/loopi_france\/\",\"https:\/\/fr.linkedin.com\/company\/loopi-voyage\",\"https:\/\/www.youtube.com\/@loopi2623\"]}]}<\/script>\n<!-- \/ Yoast SEO plugin. -->","yoast_head_json":{"title":"Contact &#8211; Loopi","description":"Contactez l'\u00e9quipe Loopi pour toute question, assistance ou information sur notre application. Nous sommes l\u00e0 pour vous aider !","robots":{"index":"index","follow":"follow","max-snippet":"max-snippet:-1","max-image-preview":"max-image-preview:large","max-video-preview":"max-video-preview:-1"},"canonical":"https:\/\/www.loopi.fr\/en\/contact\/","og_locale":"en_US","og_type":"article","og_title":"Contact &#8211; Loopi","og_description":"Contactez l'\u00e9quipe Loopi pour toute question, assistance ou information sur notre application. Nous sommes l\u00e0 pour vous aider !","og_url":"https:\/\/www.loopi.fr\/en\/contact\/","og_site_name":"Loopi","article_publisher":"https:\/\/www.facebook.com\/LoopiVelo","article_modified_time":"2026-03-06T10:01:29+00:00","og_image":[{"width":2560,"height":1495,"url":"https:\/\/www.loopi.fr\/wp-content\/uploads\/2023\/09\/illustration-loopi-paysage@2x-1-scaled.webp","type":"image\/webp"}],"twitter_card":"summary_large_image","twitter_site":"@loopivelo","twitter_misc":{"Est. reading time":"1 minute"},"schema":{"@context":"https:\/\/schema.org","@graph":[{"@type":"WebPage","@id":"https:\/\/www.loopi.fr\/contact\/","url":"https:\/\/www.loopi.fr\/contact\/","name":"Contact &#8211; Loopi","isPartOf":{"@id":"https:\/\/loopi-wp.moustic-multimedia.fr\/fr_fr\/#website"},"primaryImageOfPage":{"@id":"https:\/\/www.loopi.fr\/contact\/#primaryimage"},"image":{"@id":"https:\/\/www.loopi.fr\/contact\/#primaryimage"},"thumbnailUrl":"https:\/\/www.loopi.fr\/wp-content\/uploads\/2023\/09\/illustration-loopi-paysage@2x-1-scaled.webp","datePublished":"2024-07-15T08:45:22+00:00","dateModified":"2026-03-06T10:01:29+00:00","description":"Contactez l'\u00e9quipe Loopi pour toute question, assistance ou information sur notre application. Nous sommes l\u00e0 pour vous aider !","breadcrumb":{"@id":"https:\/\/www.loopi.fr\/contact\/#breadcrumb"},"inLanguage":"en-US","potentialAction":[{"@type":"ReadAction","target":["https:\/\/www.loopi.fr\/contact\/"]}]},{"@type":"ImageObject","inLanguage":"en-US","@id":"https:\/\/www.loopi.fr\/contact\/#primaryimage","url":"https:\/\/www.loopi.fr\/wp-content\/uploads\/2023\/09\/illustration-loopi-paysage@2x-1-scaled.webp","contentUrl":"https:\/\/www.loopi.fr\/wp-content\/uploads\/2023\/09\/illustration-loopi-paysage@2x-1-scaled.webp","width":2560,"height":1495},{"@type":"BreadcrumbList","@id":"https:\/\/www.loopi.fr\/contact\/#breadcrumb","itemListElement":[{"@type":"ListItem","position":1,"name":"Accueil","item":"https:\/\/www.loopi.fr\/fr\/"},{"@type":"ListItem","position":2,"name":"Contact"}]},{"@type":"WebSite","@id":"https:\/\/loopi-wp.moustic-multimedia.fr\/fr_fr\/#website","url":"https:\/\/loopi-wp.moustic-multimedia.fr\/fr_fr\/","name":"Loopi","description":"Acc\u00e9l\u00e9rez votre transition vers un tourisme durable","publisher":{"@id":"https:\/\/loopi-wp.moustic-multimedia.fr\/fr_fr\/#organization"},"potentialAction":[{"@type":"SearchAction","target":{"@type":"EntryPoint","urlTemplate":"https:\/\/loopi-wp.moustic-multimedia.fr\/fr_fr\/?s={search_term_string}"},"query-input":{"@type":"PropertyValueSpecification","valueRequired":true,"valueName":"search_term_string"}}],"inLanguage":"en-US"},{"@type":"Organization","@id":"https:\/\/loopi-wp.moustic-multimedia.fr\/fr_fr\/#organization","name":"Loopi","url":"https:\/\/loopi-wp.moustic-multimedia.fr\/fr_fr\/","logo":{"@type":"ImageObject","inLanguage":"en-US","@id":"https:\/\/loopi-wp.moustic-multimedia.fr\/fr_fr\/#\/schema\/logo\/image\/","url":"https:\/\/www.loopi.fr\/wp-content\/uploads\/2023\/09\/pastille-verte.png","contentUrl":"https:\/\/www.loopi.fr\/wp-content\/uploads\/2023\/09\/pastille-verte.png","width":512,"height":512,"caption":"Loopi"},"image":{"@id":"https:\/\/loopi-wp.moustic-multimedia.fr\/fr_fr\/#\/schema\/logo\/image\/"},"sameAs":["https:\/\/www.facebook.com\/LoopiVelo","https:\/\/x.com\/loopivelo","https:\/\/www.instagram.com\/loopi_france\/","https:\/\/fr.linkedin.com\/company\/loopi-voyage","https:\/\/www.youtube.com\/@loopi2623"]}]}},"_links":{"self":[{"href":"https:\/\/www.loopi.fr\/en\/wp-json\/wp\/v2\/pages\/28074","targetHints":{"allow":["GET"]}}],"collection":[{"href":"https:\/\/www.loopi.fr\/en\/wp-json\/wp\/v2\/pages"}],"about":[{"href":"https:\/\/www.loopi.fr\/en\/wp-json\/wp\/v2\/types\/page"}],"author":[{"embeddable":true,"href":"https:\/\/www.loopi.fr\/en\/wp-json\/wp\/v2\/users\/1"}],"replies":[{"embeddable":true,"href":"https:\/\/www.loopi.fr\/en\/wp-json\/wp\/v2\/comments?post=28074"}],"version-history":[{"count":11,"href":"https:\/\/www.loopi.fr\/en\/wp-json\/wp\/v2\/pages\/28074\/revisions"}],"predecessor-version":[{"id":35271,"href":"https:\/\/www.loopi.fr\/en\/wp-json\/wp\/v2\/pages\/28074\/revisions\/35271"}],"wp:featuredmedia":[{"embeddable":true,"href":"https:\/\/www.loopi.fr\/en\/wp-json\/wp\/v2\/media\/2373"}],"wp:attachment":[{"href":"https:\/\/www.loopi.fr\/en\/wp-json\/wp\/v2\/media?parent=28074"}],"curies":[{"name":"wp","href":"https:\/\/api.w.org\/{rel}","templated":true}]}}