{"id":34553,"date":"2026-02-05T14:42:43","date_gmt":"2026-02-05T13:42:43","guid":{"rendered":"https:\/\/www.loopi.fr\/?page_id=34553"},"modified":"2026-02-09T13:55:40","modified_gmt":"2026-02-09T12:55:40","slug":"prendre-un-rendez-vous","status":"publish","type":"page","link":"https:\/\/www.loopi.fr\/en\/prendre-un-rendez-vous\/","title":{"rendered":"Prendre un rendez vous"},"content":{"rendered":"<p>[et_pb_section fb_built=\u00a0\u00bb1&Prime; custom_padding_last_edited=\u00a0\u00bbon|phone\u00a0\u00bb _builder_version=\u00a0\u00bb4.22.1&Prime; _module_preset=\u00a0\u00bbdefault\u00a0\u00bb background_color=\u00a0\u00bb#e9fffb\u00a0\u00bb background_enable_image=\u00a0\u00bboff\u00a0\u00bb background_size=\u00a0\u00bbcontain\u00a0\u00bb background_position=\u00a0\u00bbcenter_right\u00a0\u00bb custom_padding=\u00a0\u00bb||100px|||\u00a0\u00bb custom_padding_tablet=\u00a0\u00bb||100px|||\u00a0\u00bb custom_padding_phone=\u00a0\u00bb||0px||false|false\u00a0\u00bb global_colors_info=\u00a0\u00bb{}\u00a0\u00bb custom_css_main_element_last_edited=\u00a0\u00bboff|desktop\u00a0\u00bb][et_pb_row column_structure=\u00a0\u00bb3_5,2_5&Prime; use_custom_gutter=\u00a0\u00bbon\u00a0\u00bb gutter_width=\u00a0\u00bb1&Prime; make_equal=\u00a0\u00bbon\u00a0\u00bb _builder_version=\u00a0\u00bb4.22.1&Prime; _module_preset=\u00a0\u00bbdefault\u00a0\u00bb width_tablet=\u00a0\u00bb\u00a0\u00bb width_phone=\u00a0\u00bb90%\u00a0\u00bb width_last_edited=\u00a0\u00bbon|desktop\u00a0\u00bb max_width_tablet=\u00a0\u00bb\u00a0\u00bb max_width_phone=\u00a0\u00bb720px\u00a0\u00bb max_width_last_edited=\u00a0\u00bbon|phone\u00a0\u00bb module_alignment=\u00a0\u00bbcenter\u00a0\u00bb custom_margin=\u00a0\u00bb100px||||false|false\u00a0\u00bb custom_margin_tablet=\u00a0\u00bb100px||||false|false\u00a0\u00bb custom_margin_phone=\u00a0\u00bb40px||||false|false\u00a0\u00bb custom_margin_last_edited=\u00a0\u00bbon|phone\u00a0\u00bb global_colors_info=\u00a0\u00bb{}\u00a0\u00bb][et_pb_column type=\u00a0\u00bb3_5&Prime; _builder_version=\u00a0\u00bb4.21.0&Prime; _module_preset=\u00a0\u00bbdefault\u00a0\u00bb background_enable_image=\u00a0\u00bboff\u00a0\u00bb background_size=\u00a0\u00bbcontain\u00a0\u00bb custom_padding=\u00a0\u00bb||||false|false\u00a0\u00bb custom_padding_tablet=\u00a0\u00bb||||false|false\u00a0\u00bb custom_padding_phone=\u00a0\u00bb||||false|false\u00a0\u00bb custom_padding_last_edited=\u00a0\u00bboff|phone\u00a0\u00bb global_colors_info=\u00a0\u00bb{}\u00a0\u00bb][et_pb_text _builder_version=\u00a0\u00bb4.25.2&Prime; _module_preset=\u00a0\u00bbdefault\u00a0\u00bb text_font=\u00a0\u00bb||||||||\u00a0\u00bb text_letter_spacing=\u00a0\u00bb-0.7px\u00a0\u00bb header_font=\u00a0\u00bb|600|||||||\u00a0\u00bb header_text_color=\u00a0\u00bb#12473f\u00a0\u00bb header_font_size=\u00a0\u00bb60px\u00a0\u00bb header_line_height=\u00a0\u00bb1.2em\u00a0\u00bb custom_padding=\u00a0\u00bb|30px|||false|false\u00a0\u00bb custom_padding_tablet=\u00a0\u00bb|30px|||false|false\u00a0\u00bb custom_padding_phone=\u00a0\u00bb|30px|||false|false\u00a0\u00bb custom_padding_last_edited=\u00a0\u00bbon|desktop\u00a0\u00bb text_font_size_last_edited=\u00a0\u00bboff|phone\u00a0\u00bb text_letter_spacing_last_edited=\u00a0\u00bboff|phone\u00a0\u00bb text_line_height_last_edited=\u00a0\u00bboff|phone\u00a0\u00bb header_font_size_tablet=\u00a0\u00bb48px\u00a0\u00bb header_font_size_phone=\u00a0\u00bb28px\u00a0\u00bb header_font_size_last_edited=\u00a0\u00bbon|phone\u00a0\u00bb global_colors_info=\u00a0\u00bb{}\u00a0\u00bb custom_margin__hover_enabled=\u00a0\u00bboff|desktop\u00a0\u00bb]<\/p>\n<h1><strong>The integrated solution for managing sustainable tourist mobility in regions<\/strong><\/h1>\n<p>[\/et_pb_text][et_pb_text _builder_version=\u00a0\u00bb4.25.2&Prime; _module_preset=\u00a0\u00bbdefault\u00a0\u00bb text_font=\u00a0\u00bb||||||||\u00a0\u00bb text_text_color=\u00a0\u00bb#12473f\u00a0\u00bb text_font_size=\u00a0\u00bb25px\u00a0\u00bb text_line_height=\u00a0\u00bb1.19em\u00a0\u00bb max_width=\u00a0\u00bb733px\u00a0\u00bb custom_margin_tablet=\u00a0\u00bb20px||||false|false\u00a0\u00bb custom_margin_phone=\u00a0\u00bb10px||||false|false\u00a0\u00bb custom_margin_last_edited=\u00a0\u00bbon|phone\u00a0\u00bb text_font_size_tablet=\u00a0\u00bb18px\u00a0\u00bb text_font_size_phone=\u00a0\u00bb15px\u00a0\u00bb text_font_size_last_edited=\u00a0\u00bbon|tablet\u00a0\u00bb global_colors_info=\u00a0\u00bb{}\u00a0\u00bb]<\/p>\n<p>To discover our solution, book a slot and we'll tell you everything!<\/p>\n<p>[\/et_pb_text][et_pb_button button_url=\u00a0\u00bbhttps:\/\/calendly.com\/loopi\/30min?back=1&#038;month=2025-05&Prime; url_new_window=\u00a0\u00bbon\u00a0\u00bb button_text=\u00a0\u00bbR\u00e9server une d\u00e9mo\u00a0\u00bb _builder_version=\u00a0\u00bb4.27.4&Prime; _module_preset=\u00a0\u00bb1ddc0235-4e54-4fc5-b206-1d5d40bb847e\u00a0\u00bb global_colors_info=\u00a0\u00bb{}\u00a0\u00bb][\/et_pb_button][\/et_pb_column][et_pb_column type=\u00a0\u00bb2_5&Prime; _builder_version=\u00a0\u00bb4.21.0&Prime; _module_preset=\u00a0\u00bbdefault\u00a0\u00bb global_colors_info=\u00a0\u00bb{}\u00a0\u00bb][et_pb_image src=\u00a0\u00bbhttps:\/\/www.loopi.fr\/wp-content\/uploads\/2023\/09\/illustration-bas-carbone@2x-redimentionnee-scaled.webp\u00a0\u00bb title_text=\u00a0\u00bbillustration-bas-carbone@2x-redimentionnee\u00a0\u00bb align=\u00a0\u00bbcenter\u00a0\u00bb _builder_version=\u00a0\u00bb4.22.1&Prime; _module_preset=\u00a0\u00bbdefault\u00a0\u00bb positioning=\u00a0\u00bbabsolute\u00a0\u00bb position_origin_a=\u00a0\u00bbtop_center\u00a0\u00bb vertical_offset=\u00a0\u00bb-70px\u00a0\u00bb horizontal_offset=\u00a0\u00bb-75px\u00a0\u00bb position_origin_a_tablet=\u00a0\u00bbtop_center\u00a0\u00bb position_origin_a_phone=\u00a0\u00bbtop_center\u00a0\u00bb position_origin_a_last_edited=\u00a0\u00bbon|phone\u00a0\u00bb position_origin_f_tablet=\u00a0\u00bb\u00a0\u00bb position_origin_f_phone=\u00a0\u00bb\u00a0\u00bb position_origin_f_last_edited=\u00a0\u00bbon|phone\u00a0\u00bb position_origin_r_tablet=\u00a0\u00bb\u00a0\u00bb position_origin_r_phone=\u00a0\u00bbbottom_left\u00a0\u00bb position_origin_r_last_edited=\u00a0\u00bbon|phone\u00a0\u00bb width=\u00a0\u00bb90%\u00a0\u00bb width_tablet=\u00a0\u00bb75%\u00a0\u00bb width_phone=\u00a0\u00bb145%\u00a0\u00bb width_last_edited=\u00a0\u00bbon|phone\u00a0\u00bb custom_margin_tablet=\u00a0\u00bb50px||||false|false\u00a0\u00bb custom_margin_phone=\u00a0\u00bb0px||||false|false\u00a0\u00bb custom_margin_last_edited=\u00a0\u00bbon|tablet\u00a0\u00bb positioning_tablet=\u00a0\u00bbnone\u00a0\u00bb positioning_phone=\u00a0\u00bbrelative\u00a0\u00bb positioning_last_edited=\u00a0\u00bbon|phone\u00a0\u00bb border_radii=\u00a0\u00bbon|40px|40px|40px|40px\u00a0\u00bb border_radii_tablet=\u00a0\u00bbon|40px|40px|40px|40px\u00a0\u00bb border_radii_phone=\u00a0\u00bbon|30px|30px|30px|30px\u00a0\u00bb border_radii_last_edited=\u00a0\u00bbon|phone\u00a0\u00bb global_colors_info=\u00a0\u00bb{}\u00a0\u00bb][\/et_pb_image][\/et_pb_column][\/et_pb_row][\/et_pb_section]<\/p>","protected":false},"excerpt":{"rendered":"<p>La solution int\u00e9gr\u00e9e pour g\u00e9rer la mobilit\u00e9 touristique durable des territoiresPour d\u00e9couvrir notre solution r\u00e9servez un cr\u00e9neau et on vous dit tout !<\/p>","protected":false},"author":4,"featured_media":0,"parent":0,"menu_order":0,"comment_status":"closed","ping_status":"closed","template":"page-template-blank.php","meta":{"_et_pb_use_builder":"on","_et_pb_old_content":"","_et_gb_content_width":"","footnotes":""},"class_list":["post-34553","page","type-page","status-publish","hentry"],"yoast_head":"<!-- This site is optimized with the Yoast SEO plugin v26.0 - https:\/\/yoast.com\/wordpress\/plugins\/seo\/ -->\n<title>Prendre un rendez vous &#8211; Loopi<\/title>\n<meta name=\"robots\" content=\"index, follow, max-snippet:-1, max-image-preview:large, max-video-preview:-1\" \/>\n<link rel=\"canonical\" href=\"https:\/\/www.loopi.fr\/en\/prendre-un-rendez-vous\/\" \/>\n<meta property=\"og:locale\" content=\"en_US\" \/>\n<meta property=\"og:type\" content=\"article\" \/>\n<meta property=\"og:title\" content=\"Prendre un rendez vous &#8211; Loopi\" \/>\n<meta property=\"og:description\" content=\"La solution int\u00e9gr\u00e9e pour g\u00e9rer la mobilit\u00e9 touristique durable des territoiresPour d\u00e9couvrir notre solution r\u00e9servez un cr\u00e9neau et on vous dit tout !\" \/>\n<meta property=\"og:url\" content=\"https:\/\/www.loopi.fr\/en\/prendre-un-rendez-vous\/\" \/>\n<meta property=\"og:site_name\" content=\"Loopi\" \/>\n<meta property=\"article:publisher\" content=\"https:\/\/www.facebook.com\/LoopiVelo\" \/>\n<meta property=\"article:modified_time\" content=\"2026-02-09T12:55:40+00:00\" \/>\n<meta property=\"og:image\" content=\"https:\/\/www.loopi.fr\/wp-content\/uploads\/2023\/09\/illustration-loopi-paysage@2x-1-scaled.webp\" \/>\n\t<meta property=\"og:image:width\" content=\"2560\" \/>\n\t<meta property=\"og:image:height\" content=\"1495\" \/>\n\t<meta property=\"og:image:type\" content=\"image\/webp\" \/>\n<meta name=\"twitter:card\" content=\"summary_large_image\" \/>\n<meta name=\"twitter:site\" content=\"@loopivelo\" \/>\n<meta name=\"twitter:label1\" content=\"Est. reading time\" \/>\n\t<meta name=\"twitter:data1\" content=\"1 minute\" \/>\n<script type=\"application\/ld+json\" class=\"yoast-schema-graph\">{\"@context\":\"https:\/\/schema.org\",\"@graph\":[{\"@type\":\"WebPage\",\"@id\":\"https:\/\/www.loopi.fr\/fr\/prendre-un-rendez-vous\/\",\"url\":\"https:\/\/www.loopi.fr\/fr\/prendre-un-rendez-vous\/\",\"name\":\"Prendre un rendez vous &#8211; Loopi\",\"isPartOf\":{\"@id\":\"https:\/\/loopi-wp.moustic-multimedia.fr\/fr_fr\/#website\"},\"datePublished\":\"2026-02-05T13:42:43+00:00\",\"dateModified\":\"2026-02-09T12:55:40+00:00\",\"breadcrumb\":{\"@id\":\"https:\/\/www.loopi.fr\/fr\/prendre-un-rendez-vous\/#breadcrumb\"},\"inLanguage\":\"en-US\",\"potentialAction\":[{\"@type\":\"ReadAction\",\"target\":[\"https:\/\/www.loopi.fr\/fr\/prendre-un-rendez-vous\/\"]}]},{\"@type\":\"BreadcrumbList\",\"@id\":\"https:\/\/www.loopi.fr\/fr\/prendre-un-rendez-vous\/#breadcrumb\",\"itemListElement\":[{\"@type\":\"ListItem\",\"position\":1,\"name\":\"Accueil\",\"item\":\"https:\/\/www.loopi.fr\/fr\/\"},{\"@type\":\"ListItem\",\"position\":2,\"name\":\"Prendre un rendez vous\"}]},{\"@type\":\"WebSite\",\"@id\":\"https:\/\/loopi-wp.moustic-multimedia.fr\/fr_fr\/#website\",\"url\":\"https:\/\/loopi-wp.moustic-multimedia.fr\/fr_fr\/\",\"name\":\"Loopi\",\"description\":\"Acc\u00e9l\u00e9rez votre transition vers un tourisme durable\",\"publisher\":{\"@id\":\"https:\/\/loopi-wp.moustic-multimedia.fr\/fr_fr\/#organization\"},\"potentialAction\":[{\"@type\":\"SearchAction\",\"target\":{\"@type\":\"EntryPoint\",\"urlTemplate\":\"https:\/\/loopi-wp.moustic-multimedia.fr\/fr_fr\/?s={search_term_string}\"},\"query-input\":{\"@type\":\"PropertyValueSpecification\",\"valueRequired\":true,\"valueName\":\"search_term_string\"}}],\"inLanguage\":\"en-US\"},{\"@type\":\"Organization\",\"@id\":\"https:\/\/loopi-wp.moustic-multimedia.fr\/fr_fr\/#organization\",\"name\":\"Loopi\",\"url\":\"https:\/\/loopi-wp.moustic-multimedia.fr\/fr_fr\/\",\"logo\":{\"@type\":\"ImageObject\",\"inLanguage\":\"en-US\",\"@id\":\"https:\/\/loopi-wp.moustic-multimedia.fr\/fr_fr\/#\/schema\/logo\/image\/\",\"url\":\"https:\/\/www.loopi.fr\/wp-content\/uploads\/2023\/09\/pastille-verte.png\",\"contentUrl\":\"https:\/\/www.loopi.fr\/wp-content\/uploads\/2023\/09\/pastille-verte.png\",\"width\":512,\"height\":512,\"caption\":\"Loopi\"},\"image\":{\"@id\":\"https:\/\/loopi-wp.moustic-multimedia.fr\/fr_fr\/#\/schema\/logo\/image\/\"},\"sameAs\":[\"https:\/\/www.facebook.com\/LoopiVelo\",\"https:\/\/x.com\/loopivelo\",\"https:\/\/www.instagram.com\/loopi_france\/\",\"https:\/\/fr.linkedin.com\/company\/loopi-voyage\",\"https:\/\/www.youtube.com\/@loopi2623\"]}]}<\/script>\n<!-- \/ Yoast SEO plugin. -->","yoast_head_json":{"title":"Prendre un rendez vous &#8211; Loopi","robots":{"index":"index","follow":"follow","max-snippet":"max-snippet:-1","max-image-preview":"max-image-preview:large","max-video-preview":"max-video-preview:-1"},"canonical":"https:\/\/www.loopi.fr\/en\/prendre-un-rendez-vous\/","og_locale":"en_US","og_type":"article","og_title":"Prendre un rendez vous &#8211; Loopi","og_description":"La solution int\u00e9gr\u00e9e pour g\u00e9rer la mobilit\u00e9 touristique durable des territoiresPour d\u00e9couvrir notre solution r\u00e9servez un cr\u00e9neau et on vous dit tout !","og_url":"https:\/\/www.loopi.fr\/en\/prendre-un-rendez-vous\/","og_site_name":"Loopi","article_publisher":"https:\/\/www.facebook.com\/LoopiVelo","article_modified_time":"2026-02-09T12:55:40+00:00","og_image":[{"width":2560,"height":1495,"url":"https:\/\/www.loopi.fr\/wp-content\/uploads\/2023\/09\/illustration-loopi-paysage@2x-1-scaled.webp","type":"image\/webp"}],"twitter_card":"summary_large_image","twitter_site":"@loopivelo","twitter_misc":{"Est. reading time":"1 minute"},"schema":{"@context":"https:\/\/schema.org","@graph":[{"@type":"WebPage","@id":"https:\/\/www.loopi.fr\/fr\/prendre-un-rendez-vous\/","url":"https:\/\/www.loopi.fr\/fr\/prendre-un-rendez-vous\/","name":"Prendre un rendez vous &#8211; Loopi","isPartOf":{"@id":"https:\/\/loopi-wp.moustic-multimedia.fr\/fr_fr\/#website"},"datePublished":"2026-02-05T13:42:43+00:00","dateModified":"2026-02-09T12:55:40+00:00","breadcrumb":{"@id":"https:\/\/www.loopi.fr\/fr\/prendre-un-rendez-vous\/#breadcrumb"},"inLanguage":"en-US","potentialAction":[{"@type":"ReadAction","target":["https:\/\/www.loopi.fr\/fr\/prendre-un-rendez-vous\/"]}]},{"@type":"BreadcrumbList","@id":"https:\/\/www.loopi.fr\/fr\/prendre-un-rendez-vous\/#breadcrumb","itemListElement":[{"@type":"ListItem","position":1,"name":"Accueil","item":"https:\/\/www.loopi.fr\/fr\/"},{"@type":"ListItem","position":2,"name":"Prendre un rendez vous"}]},{"@type":"WebSite","@id":"https:\/\/loopi-wp.moustic-multimedia.fr\/fr_fr\/#website","url":"https:\/\/loopi-wp.moustic-multimedia.fr\/fr_fr\/","name":"Loopi","description":"Acc\u00e9l\u00e9rez votre transition vers un tourisme durable","publisher":{"@id":"https:\/\/loopi-wp.moustic-multimedia.fr\/fr_fr\/#organization"},"potentialAction":[{"@type":"SearchAction","target":{"@type":"EntryPoint","urlTemplate":"https:\/\/loopi-wp.moustic-multimedia.fr\/fr_fr\/?s={search_term_string}"},"query-input":{"@type":"PropertyValueSpecification","valueRequired":true,"valueName":"search_term_string"}}],"inLanguage":"en-US"},{"@type":"Organization","@id":"https:\/\/loopi-wp.moustic-multimedia.fr\/fr_fr\/#organization","name":"Loopi","url":"https:\/\/loopi-wp.moustic-multimedia.fr\/fr_fr\/","logo":{"@type":"ImageObject","inLanguage":"en-US","@id":"https:\/\/loopi-wp.moustic-multimedia.fr\/fr_fr\/#\/schema\/logo\/image\/","url":"https:\/\/www.loopi.fr\/wp-content\/uploads\/2023\/09\/pastille-verte.png","contentUrl":"https:\/\/www.loopi.fr\/wp-content\/uploads\/2023\/09\/pastille-verte.png","width":512,"height":512,"caption":"Loopi"},"image":{"@id":"https:\/\/loopi-wp.moustic-multimedia.fr\/fr_fr\/#\/schema\/logo\/image\/"},"sameAs":["https:\/\/www.facebook.com\/LoopiVelo","https:\/\/x.com\/loopivelo","https:\/\/www.instagram.com\/loopi_france\/","https:\/\/fr.linkedin.com\/company\/loopi-voyage","https:\/\/www.youtube.com\/@loopi2623"]}]}},"_links":{"self":[{"href":"https:\/\/www.loopi.fr\/en\/wp-json\/wp\/v2\/pages\/34553","targetHints":{"allow":["GET"]}}],"collection":[{"href":"https:\/\/www.loopi.fr\/en\/wp-json\/wp\/v2\/pages"}],"about":[{"href":"https:\/\/www.loopi.fr\/en\/wp-json\/wp\/v2\/types\/page"}],"author":[{"embeddable":true,"href":"https:\/\/www.loopi.fr\/en\/wp-json\/wp\/v2\/users\/4"}],"replies":[{"embeddable":true,"href":"https:\/\/www.loopi.fr\/en\/wp-json\/wp\/v2\/comments?post=34553"}],"version-history":[{"count":3,"href":"https:\/\/www.loopi.fr\/en\/wp-json\/wp\/v2\/pages\/34553\/revisions"}],"predecessor-version":[{"id":34647,"href":"https:\/\/www.loopi.fr\/en\/wp-json\/wp\/v2\/pages\/34553\/revisions\/34647"}],"wp:attachment":[{"href":"https:\/\/www.loopi.fr\/en\/wp-json\/wp\/v2\/media?parent=34553"}],"curies":[{"name":"wp","href":"https:\/\/api.w.org\/{rel}","templated":true}]}}