{"id":2246,"date":"2023-09-04T07:33:21","date_gmt":"2023-09-04T05:33:21","guid":{"rendered":"https:\/\/www.loopi.fr\/?page_id=2246"},"modified":"2023-09-27T08:30:02","modified_gmt":"2023-09-27T06:30:02","slug":"mentions-legales","status":"publish","type":"page","link":"https:\/\/www.loopi.fr\/fr\/mentions-legales\/","title":{"rendered":"Mentions l\u00e9gales"},"content":{"rendered":"\n\n\n\n[et_pb_section fb_built=\u00a0\u00bb1&Prime; theme_builder_area=\u00a0\u00bbpost_content\u00a0\u00bb _builder_version=\u00a0\u00bb4.22.1&Prime; _module_preset=\u00a0\u00bbdefault\u00a0\u00bb da_is_popup=\u00a0\u00bboff\u00a0\u00bb da_exit_intent=\u00a0\u00bboff\u00a0\u00bb da_has_close=\u00a0\u00bbon\u00a0\u00bb da_alt_close=\u00a0\u00bboff\u00a0\u00bb da_dark_close=\u00a0\u00bboff\u00a0\u00bb da_not_modal=\u00a0\u00bbon\u00a0\u00bb da_is_singular=\u00a0\u00bboff\u00a0\u00bb da_with_loader=\u00a0\u00bboff\u00a0\u00bb da_has_shadow=\u00a0\u00bbon\u00a0\u00bb da_disable_devices=\u00a0\u00bboff|off|off\u00a0\u00bb][et_pb_row _builder_version=\u00a0\u00bb4.22.1&Prime; _module_preset=\u00a0\u00bbdefault\u00a0\u00bb theme_builder_area=\u00a0\u00bbpost_content\u00a0\u00bb][et_pb_column _builder_version=\u00a0\u00bb4.22.1&Prime; _module_preset=\u00a0\u00bbdefault\u00a0\u00bb type=\u00a0\u00bb4_4&Prime; theme_builder_area=\u00a0\u00bbpost_content\u00a0\u00bb][et_pb_text _builder_version=\u00a0\u00bb4.22.1&Prime; _module_preset=\u00a0\u00bbdefault\u00a0\u00bb theme_builder_area=\u00a0\u00bbpost_content\u00a0\u00bb hover_enabled=\u00a0\u00bb0&Prime; sticky_enabled=\u00a0\u00bb0&Prime;]<h1>Mentions l\u00e9gales<\/h1>\nEn vertu de l\u2019article 6 de la loi n\u00b0 2004-575 du 21 juin 2004 pour la confiance dans l\u2019\u00e9conomie num\u00e9rique, il est pr\u00e9cis\u00e9 aux utilisateurs du site http:\/\/www.loopi-velo.fr l\u2019identit\u00e9 des diff\u00e9rents intervenants dans le cadre de sa r\u00e9alisation et de son suivi :\n\nPropri\u00e9taire : Moustic, SARL unipersonnelle au capital social de 8000\u20ac \u2013 Num\u00e9ro de SIRET 44352639700031 \u2013 2 avenue du commandant Lisiack 17440 AYTR\u00c9 t\u00e9l : 05 46 41 47 87\n\n\u00c9diteur : Moustic \u2013 http:\/\/www.moustic.biz\n\nResponsable de la publication : Fabien FERDINANDY\n\nH\u00e9bergeur : L\u2019h\u00e9bergeur du site est la soci\u00e9t\u00e9 SCALEWAY\n\nSIREN : 433 115 904 RCS Paris\n\nSi\u00e8ge social : 8 rue de la Ville l\u2019Ev\u00eaque, 75008 Paris\n\nN\u00b0 de TVA intracommunautaire : FR 35 433115904\n\nDirecteur de publication: Arnaud Brindejonc de Bermingham\nH\u00e9bergeur : SCALEWAY SAS BP 438 75366 PARIS CEDEX 08 FRANCE\n\nCourrier : SCALEWAY SAS BP 438 75366 PARIS CEDEX 08 FRANCE\n\nT\u00e9l\u00e9phone : +33 (0)1 84 13 00 00\n\nFax : +33 (0)899 173 788 (1.35 \u20ac par appel puis 0,34 \u20ac\/min)\n\nAssistance technique : 24h\/24 https:\/\/console.scaleway.com\/support\/tickets[\/et_pb_text][\/et_pb_column][\/et_pb_row][\/et_pb_section]\n\n\n\n","protected":false},"excerpt":{"rendered":"<p>Mentions l\u00e9gales En vertu de l\u2019article 6 de la loi n\u00b0 2004-575 du 21 juin 2004 pour la confiance dans l\u2019\u00e9conomie num\u00e9rique, il est pr\u00e9cis\u00e9 aux utilisateurs du site http:\/\/www.loopi-velo.fr l\u2019identit\u00e9 des diff\u00e9rents intervenants dans le cadre de sa r\u00e9alisation et de son suivi : Propri\u00e9taire : Moustic, SARL unipersonnelle au capital social de 8000\u20ac [&hellip;]<\/p>\n","protected":false},"author":1,"featured_media":0,"parent":0,"menu_order":0,"comment_status":"closed","ping_status":"closed","template":"","meta":{"_et_pb_use_builder":"on","_et_pb_old_content":"","_et_gb_content_width":"","footnotes":""},"class_list":["post-2246","page","type-page","status-publish","hentry"],"yoast_head":"<!-- This site is optimized with the Yoast SEO plugin v26.0 - https:\/\/yoast.com\/wordpress\/plugins\/seo\/ -->\n<title>Mentions l\u00e9gales &#8211; Loopi<\/title>\n<meta name=\"description\" content=\"D\u00e9couvrez les mentions l\u00e9gales de Loopi, garantissant transparence et confiance. Informations sur le propri\u00e9taire, l&#039;\u00e9diteur et l&#039;h\u00e9bergeur du site.\" \/>\n<meta name=\"robots\" content=\"index, follow, max-snippet:-1, max-image-preview:large, max-video-preview:-1\" \/>\n<link rel=\"canonical\" href=\"https:\/\/loopi-wp.moustic-multimedia.fr\/mentions-legales\/\" \/>\n<meta property=\"og:locale\" content=\"fr_FR\" \/>\n<meta property=\"og:type\" content=\"article\" \/>\n<meta property=\"og:title\" content=\"Mentions l\u00e9gales &#8211; Loopi\" \/>\n<meta property=\"og:description\" content=\"D\u00e9couvrez les mentions l\u00e9gales de Loopi, garantissant transparence et confiance. Informations sur le propri\u00e9taire, l&#039;\u00e9diteur et l&#039;h\u00e9bergeur du site.\" \/>\n<meta property=\"og:url\" content=\"https:\/\/loopi-wp.moustic-multimedia.fr\/mentions-legales\/\" \/>\n<meta property=\"og:site_name\" content=\"Loopi\" \/>\n<meta property=\"article:publisher\" content=\"https:\/\/www.facebook.com\/LoopiVelo\" \/>\n<meta property=\"article:modified_time\" content=\"2023-09-27T06:30:02+00:00\" \/>\n<meta property=\"og:image\" content=\"https:\/\/www.loopi.fr\/wp-content\/uploads\/2023\/09\/illustration-loopi-paysage@2x-1-scaled.webp\" \/>\n\t<meta property=\"og:image:width\" content=\"2560\" \/>\n\t<meta property=\"og:image:height\" content=\"1495\" \/>\n\t<meta property=\"og:image:type\" content=\"image\/webp\" \/>\n<meta name=\"twitter:card\" content=\"summary_large_image\" \/>\n<meta name=\"twitter:site\" content=\"@loopivelo\" \/>\n<meta name=\"twitter:label1\" content=\"Dur\u00e9e de lecture estim\u00e9e\" \/>\n\t<meta name=\"twitter:data1\" content=\"1 minute\" \/>\n<script type=\"application\/ld+json\" class=\"yoast-schema-graph\">{\"@context\":\"https:\/\/schema.org\",\"@graph\":[{\"@type\":\"WebPage\",\"@id\":\"https:\/\/loopi-wp.moustic-multimedia.fr\/mentions-legales\/\",\"url\":\"https:\/\/loopi-wp.moustic-multimedia.fr\/mentions-legales\/\",\"name\":\"Mentions l\u00e9gales &#8211; Loopi\",\"isPartOf\":{\"@id\":\"https:\/\/loopi-wp.moustic-multimedia.fr\/fr_fr\/#website\"},\"datePublished\":\"2023-09-04T05:33:21+00:00\",\"dateModified\":\"2023-09-27T06:30:02+00:00\",\"description\":\"D\u00e9couvrez les mentions l\u00e9gales de Loopi, garantissant transparence et confiance. Informations sur le propri\u00e9taire, l'\u00e9diteur et l'h\u00e9bergeur du site.\",\"breadcrumb\":{\"@id\":\"https:\/\/loopi-wp.moustic-multimedia.fr\/mentions-legales\/#breadcrumb\"},\"inLanguage\":\"fr-FR\",\"potentialAction\":[{\"@type\":\"ReadAction\",\"target\":[\"https:\/\/loopi-wp.moustic-multimedia.fr\/mentions-legales\/\"]}]},{\"@type\":\"BreadcrumbList\",\"@id\":\"https:\/\/loopi-wp.moustic-multimedia.fr\/mentions-legales\/#breadcrumb\",\"itemListElement\":[{\"@type\":\"ListItem\",\"position\":1,\"name\":\"Accueil\",\"item\":\"https:\/\/www.loopi.fr\/fr\/\"},{\"@type\":\"ListItem\",\"position\":2,\"name\":\"Mentions l\u00e9gales\"}]},{\"@type\":\"WebSite\",\"@id\":\"https:\/\/loopi-wp.moustic-multimedia.fr\/fr_fr\/#website\",\"url\":\"https:\/\/loopi-wp.moustic-multimedia.fr\/fr_fr\/\",\"name\":\"Loopi\",\"description\":\"Acc\u00e9l\u00e9rez votre transition vers un tourisme durable\",\"publisher\":{\"@id\":\"https:\/\/loopi-wp.moustic-multimedia.fr\/fr_fr\/#organization\"},\"potentialAction\":[{\"@type\":\"SearchAction\",\"target\":{\"@type\":\"EntryPoint\",\"urlTemplate\":\"https:\/\/loopi-wp.moustic-multimedia.fr\/fr_fr\/?s={search_term_string}\"},\"query-input\":{\"@type\":\"PropertyValueSpecification\",\"valueRequired\":true,\"valueName\":\"search_term_string\"}}],\"inLanguage\":\"fr-FR\"},{\"@type\":\"Organization\",\"@id\":\"https:\/\/loopi-wp.moustic-multimedia.fr\/fr_fr\/#organization\",\"name\":\"Loopi\",\"url\":\"https:\/\/loopi-wp.moustic-multimedia.fr\/fr_fr\/\",\"logo\":{\"@type\":\"ImageObject\",\"inLanguage\":\"fr-FR\",\"@id\":\"https:\/\/loopi-wp.moustic-multimedia.fr\/fr_fr\/#\/schema\/logo\/image\/\",\"url\":\"https:\/\/www.loopi.fr\/wp-content\/uploads\/2023\/09\/pastille-verte.png\",\"contentUrl\":\"https:\/\/www.loopi.fr\/wp-content\/uploads\/2023\/09\/pastille-verte.png\",\"width\":512,\"height\":512,\"caption\":\"Loopi\"},\"image\":{\"@id\":\"https:\/\/loopi-wp.moustic-multimedia.fr\/fr_fr\/#\/schema\/logo\/image\/\"},\"sameAs\":[\"https:\/\/www.facebook.com\/LoopiVelo\",\"https:\/\/x.com\/loopivelo\",\"https:\/\/www.instagram.com\/loopi_france\/\",\"https:\/\/fr.linkedin.com\/company\/loopi-voyage\",\"https:\/\/www.youtube.com\/@loopi2623\"]}]}<\/script>\n<!-- \/ Yoast SEO plugin. -->","yoast_head_json":{"title":"Mentions l\u00e9gales &#8211; Loopi","description":"D\u00e9couvrez les mentions l\u00e9gales de Loopi, garantissant transparence et confiance. Informations sur le propri\u00e9taire, l'\u00e9diteur et l'h\u00e9bergeur du site.","robots":{"index":"index","follow":"follow","max-snippet":"max-snippet:-1","max-image-preview":"max-image-preview:large","max-video-preview":"max-video-preview:-1"},"canonical":"https:\/\/loopi-wp.moustic-multimedia.fr\/mentions-legales\/","og_locale":"fr_FR","og_type":"article","og_title":"Mentions l\u00e9gales &#8211; Loopi","og_description":"D\u00e9couvrez les mentions l\u00e9gales de Loopi, garantissant transparence et confiance. Informations sur le propri\u00e9taire, l'\u00e9diteur et l'h\u00e9bergeur du site.","og_url":"https:\/\/loopi-wp.moustic-multimedia.fr\/mentions-legales\/","og_site_name":"Loopi","article_publisher":"https:\/\/www.facebook.com\/LoopiVelo","article_modified_time":"2023-09-27T06:30:02+00:00","og_image":[{"width":2560,"height":1495,"url":"https:\/\/www.loopi.fr\/wp-content\/uploads\/2023\/09\/illustration-loopi-paysage@2x-1-scaled.webp","type":"image\/webp"}],"twitter_card":"summary_large_image","twitter_site":"@loopivelo","twitter_misc":{"Dur\u00e9e de lecture estim\u00e9e":"1 minute"},"schema":{"@context":"https:\/\/schema.org","@graph":[{"@type":"WebPage","@id":"https:\/\/loopi-wp.moustic-multimedia.fr\/mentions-legales\/","url":"https:\/\/loopi-wp.moustic-multimedia.fr\/mentions-legales\/","name":"Mentions l\u00e9gales &#8211; Loopi","isPartOf":{"@id":"https:\/\/loopi-wp.moustic-multimedia.fr\/fr_fr\/#website"},"datePublished":"2023-09-04T05:33:21+00:00","dateModified":"2023-09-27T06:30:02+00:00","description":"D\u00e9couvrez les mentions l\u00e9gales de Loopi, garantissant transparence et confiance. Informations sur le propri\u00e9taire, l'\u00e9diteur et l'h\u00e9bergeur du site.","breadcrumb":{"@id":"https:\/\/loopi-wp.moustic-multimedia.fr\/mentions-legales\/#breadcrumb"},"inLanguage":"fr-FR","potentialAction":[{"@type":"ReadAction","target":["https:\/\/loopi-wp.moustic-multimedia.fr\/mentions-legales\/"]}]},{"@type":"BreadcrumbList","@id":"https:\/\/loopi-wp.moustic-multimedia.fr\/mentions-legales\/#breadcrumb","itemListElement":[{"@type":"ListItem","position":1,"name":"Accueil","item":"https:\/\/www.loopi.fr\/fr\/"},{"@type":"ListItem","position":2,"name":"Mentions l\u00e9gales"}]},{"@type":"WebSite","@id":"https:\/\/loopi-wp.moustic-multimedia.fr\/fr_fr\/#website","url":"https:\/\/loopi-wp.moustic-multimedia.fr\/fr_fr\/","name":"Loopi","description":"Acc\u00e9l\u00e9rez votre transition vers un tourisme durable","publisher":{"@id":"https:\/\/loopi-wp.moustic-multimedia.fr\/fr_fr\/#organization"},"potentialAction":[{"@type":"SearchAction","target":{"@type":"EntryPoint","urlTemplate":"https:\/\/loopi-wp.moustic-multimedia.fr\/fr_fr\/?s={search_term_string}"},"query-input":{"@type":"PropertyValueSpecification","valueRequired":true,"valueName":"search_term_string"}}],"inLanguage":"fr-FR"},{"@type":"Organization","@id":"https:\/\/loopi-wp.moustic-multimedia.fr\/fr_fr\/#organization","name":"Loopi","url":"https:\/\/loopi-wp.moustic-multimedia.fr\/fr_fr\/","logo":{"@type":"ImageObject","inLanguage":"fr-FR","@id":"https:\/\/loopi-wp.moustic-multimedia.fr\/fr_fr\/#\/schema\/logo\/image\/","url":"https:\/\/www.loopi.fr\/wp-content\/uploads\/2023\/09\/pastille-verte.png","contentUrl":"https:\/\/www.loopi.fr\/wp-content\/uploads\/2023\/09\/pastille-verte.png","width":512,"height":512,"caption":"Loopi"},"image":{"@id":"https:\/\/loopi-wp.moustic-multimedia.fr\/fr_fr\/#\/schema\/logo\/image\/"},"sameAs":["https:\/\/www.facebook.com\/LoopiVelo","https:\/\/x.com\/loopivelo","https:\/\/www.instagram.com\/loopi_france\/","https:\/\/fr.linkedin.com\/company\/loopi-voyage","https:\/\/www.youtube.com\/@loopi2623"]}]}},"_links":{"self":[{"href":"https:\/\/www.loopi.fr\/fr\/wp-json\/wp\/v2\/pages\/2246","targetHints":{"allow":["GET"]}}],"collection":[{"href":"https:\/\/www.loopi.fr\/fr\/wp-json\/wp\/v2\/pages"}],"about":[{"href":"https:\/\/www.loopi.fr\/fr\/wp-json\/wp\/v2\/types\/page"}],"author":[{"embeddable":true,"href":"https:\/\/www.loopi.fr\/fr\/wp-json\/wp\/v2\/users\/1"}],"replies":[{"embeddable":true,"href":"https:\/\/www.loopi.fr\/fr\/wp-json\/wp\/v2\/comments?post=2246"}],"version-history":[{"count":3,"href":"https:\/\/www.loopi.fr\/fr\/wp-json\/wp\/v2\/pages\/2246\/revisions"}],"predecessor-version":[{"id":2319,"href":"https:\/\/www.loopi.fr\/fr\/wp-json\/wp\/v2\/pages\/2246\/revisions\/2319"}],"wp:attachment":[{"href":"https:\/\/www.loopi.fr\/fr\/wp-json\/wp\/v2\/media?parent=2246"}],"curies":[{"name":"wp","href":"https:\/\/api.w.org\/{rel}","templated":true}]}}