{"id":2252,"date":"2023-09-04T07:37:44","date_gmt":"2023-09-04T05:37:44","guid":{"rendered":"https:\/\/www.loopi.fr\/?page_id=2252"},"modified":"2026-03-06T10:35:17","modified_gmt":"2026-03-06T09:35:17","slug":"gestion-des-donnees-personnelles","status":"publish","type":"page","link":"https:\/\/www.loopi.fr\/fr\/gestion-des-donnees-personnelles\/","title":{"rendered":"Gestion des donn\u00e9es personnelles"},"content":{"rendered":"<p>[et_pb_section fb_built=\u00a0\u00bb1&Prime; _builder_version=\u00a0\u00bb4.22.1&Prime; _module_preset=\u00a0\u00bbdefault\u00a0\u00bb global_colors_info=\u00a0\u00bb{}\u00a0\u00bb][et_pb_row _builder_version=\u00a0\u00bb4.22.1&Prime; _module_preset=\u00a0\u00bbdefault\u00a0\u00bb global_colors_info=\u00a0\u00bb{}\u00a0\u00bb][et_pb_column type=\u00a0\u00bb4_4&Prime; _builder_version=\u00a0\u00bb4.22.1&Prime; _module_preset=\u00a0\u00bbdefault\u00a0\u00bb global_colors_info=\u00a0\u00bb{}\u00a0\u00bb][et_pb_text _builder_version=\u00a0\u00bb4.22.1&Prime; _module_preset=\u00a0\u00bbdefault\u00a0\u00bb global_colors_info=\u00a0\u00bb{}\u00a0\u00bb]<\/p>\n<h1>Gestion des donn\u00e9es personnelles<\/h1>\n<p>A l\u2019occasion de l\u2019utilisation du site<span>\u00a0<\/span><a href=\"http:\/\/www.loopi-velo.fr\/\">http:\/\/www.loopi-velo.fr<\/a>, des donn\u00e9es peuvent \u00eatres recueillies : l\u2019URL des liens par l\u2019interm\u00e9diaire desquels l\u2019utilisateur a acc\u00e9d\u00e9 au site<span>\u00a0<\/span><a href=\"http:\/\/www.loopi-velo.fr\/\">http:\/\/www.loopi-velo.fr<\/a>, le fournisseur d\u2019acc\u00e8s de l\u2019utilisateur, l\u2019adresse de protocole Internet (IP) de l\u2019utilisateur.<\/p>\n<p>Moustic s\u2019engage \u00e0 ce que les traitements de donn\u00e9es \u00e0 caract\u00e8re personnel effectu\u00e9s sur http:\/\/www.loopi-velo.fr soient conformes au R\u00e8glement (UE) 2016\/679 du Parlement Europ\u00e9en et du Conseil du 27 avril 2016 relatif \u00e0 la protection des personnes physiques \u00e0 l\u2019\u00e9gard du traitement des donn\u00e9es \u00e0 caract\u00e8re personnel et \u00e0 la libre circulation de ces donn\u00e9es (ci-apr\u00e8s \u00ab\u00a0R\u00e8glement G\u00e9n\u00e9ral sur la Protection des Donn\u00e9es\u00a0\u00bb ou \u00ab\u00a0RGPD\u00a0\u00bb), et abrogeant la directive 95\/46\/CE ainsi que la loi Informatique et Libert\u00e9s.<\/p>\n<p>L\u2019utilisateur est inform\u00e9 et accepte que ses donn\u00e9es \u00e0 caract\u00e8re personnel peuvent \u00eatre collect\u00e9es sur le site et utilis\u00e9es par Moustic qui agit en qualit\u00e9 de responsable de traitement et\/ou ses sous-traitants au sens du RGPD.<\/p>\n<p>Les donn\u00e9es \u00e0 caract\u00e8re personnel des utilisateurs sont collect\u00e9es de mani\u00e8re obligatoire pour les finalit\u00e9s suivantes :<br \/>\n\u2022 la mise en relation avec Moustic via le formulaire de contact ;<br \/>\n\u2022 l\u2019information des utilisateurs relative aux offres et informations commerciales en lien avec Loopi ;<br \/>\n\u2022 le renforcement et l\u2019am\u00e9lioration de la communication du site<span>\u00a0<\/span><a href=\"http:\/\/www.loopi-velo.fr\/\">http:\/\/www.loopi-velo.fr<\/a><span>\u00a0<\/span>et de Loopi par l\u2019envoi, notamment, de newsletters ;<br \/>\n\u2022 le respect des obligations l\u00e9gales et r\u00e9glementaires.<\/p>\n<p>Les donn\u00e9es \u00e0 caract\u00e8re personnel de l\u2019utilisateur ne sont conserv\u00e9es que pour la dur\u00e9e strictement n\u00e9cessaire au regard des finalit\u00e9s pr\u00e9c\u00e9demment expos\u00e9es.<\/p>\n<p>Conform\u00e9ment au RGPD, l\u2019utilisateur dispose d\u2019un droit d\u2019acc\u00e8s, de rectification et d\u2019opposition aux donn\u00e9es \u00e0 caract\u00e8re personnel le concernant (ci-apr\u00e8s les \u00ab\u00a0Droits Informatique et Libert\u00e9s\u00a0\u00bb) ainsi que d\u2019un droit d\u2019introduire une r\u00e9clamation aupr\u00e8s la Commission Nationale Informatique et Libert\u00e9s (CNIL).<\/p>\n<p>Pour toute information ou exercice de vos droits Informatique et Libert\u00e9s sur les traitements de donn\u00e9es \u00e0 caract\u00e8re personnel g\u00e9r\u00e9s :<br \/>\n\u2022 par mail via le formulaire de contact<br \/>\n\u2022 par courrier \u00e0 l\u2019adresse suivante : Moustic Multim\u00e9dia 2 avenue du commandant Lisiack 17440 AYTR\u00c9<\/p>\n<p>Chaque demande doit \u00eatre sign\u00e9e et accompagn\u00e9e de la photocopie d\u2019un titre d\u2019identit\u00e9 portant signature de l\u2019utilisateur et pr\u00e9ciser l\u2019adresse de r\u00e9ponse.<\/p>\n<p>La r\u00e9ponse \u00e0 la demande exerc\u00e9e sur le fondement d\u2019un ou plusieurs Droits Informatiques et Libert\u00e9s sera adress\u00e9e dans un d\u00e9lai de 2 mois suivant la r\u00e9ception de la demande.<\/p>\n<p>L\u2019utilisateur peut communiquer \u00e0 Moustic des directives particuli\u00e8res dans lesquelles il ou elle d\u00e9finit la mani\u00e8re dont il ou elle entend que soient exerc\u00e9s, apr\u00e8s son d\u00e9c\u00e8s, les Droits Informatiques et Libert\u00e9s conform\u00e9ment au RGPD.<\/p>\n<p>Liens hypertextes et cookies<br \/>\nLe site<span>\u00a0<\/span><a href=\"http:\/\/www.loopi-velo.fr\/\">http:\/\/www.loopi-velo.fr<\/a><span>\u00a0<\/span>contient un certain nombre de liens hypertextes vers d\u2019autres sites, mis en place avec l\u2019autorisation de Moustic. Cependant, Moustic n\u2019a pas la possibilit\u00e9 de v\u00e9rifier le contenu des sites ainsi visit\u00e9s, et n\u2019assumera en cons\u00e9quence aucune responsabilit\u00e9 de ce fait.<\/p>\n<p>La navigation sur le site<span>\u00a0<\/span><a href=\"http:\/\/www.loopi-velo.fr\/\">http:\/\/www.loopi-velo.fr<\/a><span>\u00a0<\/span>est susceptible de provoquer l\u2019installation de cookie(s) sur l\u2019ordinateur de l\u2019utilisateur, contenant des informations sur la session en cours (cookies de session).<\/p>\n<p>Un cookie est un fichier de petite taille, qui ne permet pas l\u2019identification de l\u2019utilisateur, mais qui enregistre des informations relatives \u00e0 la navigation d\u2019un ordinateur sur un site. Les donn\u00e9es ainsi obtenues visent \u00e0 faciliter la navigation ult\u00e9rieure sur le site, et ont \u00e9galement vocation \u00e0 permettre diverses mesures de fr\u00e9quentation.<\/p>\n<p>Vous pouvez \u00e0 tout moment choisir d\u2019accepter ou de refuser l\u2019installation des cookies sur votre terminal en configurant votre logiciel de navigation. Vous pouvez \u00e9galement configurer votre navigateur de mani\u00e8re \u00e0 ce que l\u2019acceptation ou le refus des cookies vous soient propos\u00e9s ponctuellement, avant qu\u2019un cookie ne soit enregistr\u00e9 sur votre terminal.<\/p>\n<p>Le refus d\u2019installation d\u2019un cookie peut entra\u00eener l\u2019impossibilit\u00e9 d\u2019acc\u00e9der \u00e0 certains services. De-m\u00eame si votre navigateur est configur\u00e9 de mani\u00e8re \u00e0 refuser l\u2019ensemble des cookies, vous ne pourrez plus b\u00e9n\u00e9ficier pleinement de tous nos services.<\/p>\n<p>Dans cette hypoth\u00e8se, Moustic ne saurait \u00eatre tenu responsable en cas de fonctionnement d\u00e9grad\u00e9 du site r\u00e9sultant de l\u2019impossibilit\u00e9 d\u2019enregistrer ou de consulter les cookies n\u00e9cessaires \u00e0 son fonctionnement et que vous auriez refus\u00e9s ou supprim\u00e9s.<\/p>\n<p>Param\u00e9trage de votre ordinateur:<br \/>\nLa configuration de la gestion des cookies d\u00e9pend de chaque navigateur. Voici des outils d\u2019aide en ligne pour les param\u00e9trer :<\/p>\n<ul>\n<li><a href=\"https:\/\/support.microsoft.com\/fr-fr\/help\/17442\/windows-internet-explorer-delete-manage-cookies#ie=ie-11\" target=\"_blank\" rel=\"noreferrer noopener\" aria-label=\"Internet Explorer (s\u2019ouvre dans un nouvel onglet)\">Internet Explorer<\/a><\/li>\n<li><a href=\"https:\/\/support.google.com\/chrome\/answer\/95647?hl=fr&amp;hlrm=en\" target=\"_blank\" rel=\"noreferrer noopener\" aria-label=\"Chrome (s\u2019ouvre dans un nouvel onglet)\">Chrome<\/a><\/li>\n<li><a href=\"https:\/\/support.mozilla.org\/fr\/kb\/autoriser-bloquer-cookies-preferences-sites?redirectlocale=fr&amp;redirectslug=activer-desactiver-cookies-preferences\" target=\"_blank\" rel=\"noreferrer noopener\" aria-label=\"Firefox (s\u2019ouvre dans un nouvel onglet)\">Firefox<\/a><\/li>\n<li><a href=\"https:\/\/support.apple.com\/fr-fr\/HT201265\" target=\"_blank\" rel=\"noreferrer noopener\" aria-label=\"Safari (s\u2019ouvre dans un nouvel onglet)\">Safari<\/a><\/li>\n<li><a href=\"https:\/\/help.opera.com\/en\/latest\/web-preferences\/#cookies\" target=\"_blank\" rel=\"noreferrer noopener\" aria-label=\"Opera  (s\u2019ouvre dans un nouvel onglet)\">Opera<\/a><\/li>\n<\/ul>\n<h2>Plus d\u2019informations sur les cookies<\/h2>\n<p>Retrouvez plus d\u2019informations sur l\u2019utilisation des cookies sur le<span>\u00a0<\/span><a href=\"https:\/\/www.cnil.fr\/fr\/cookies-les-outils-pour-les-maitriser\" target=\"_blank\" rel=\"noreferrer noopener\" aria-label=\"site internet de la CNIL (s\u2019ouvre dans un nouvel onglet)\">site internet de la CNIL<\/a><\/p>\n<\/div>\n<\/div>\n<\/div>\n<p>[\/et_pb_text][\/et_pb_column][\/et_pb_row][\/et_pb_section]<\/p>\n","protected":false},"excerpt":{"rendered":"<p>Gestion des donn\u00e9es personnelles A l\u2019occasion de l\u2019utilisation du site\u00a0http:\/\/www.loopi-velo.fr, des donn\u00e9es peuvent \u00eatres recueillies : l\u2019URL des liens par l\u2019interm\u00e9diaire desquels l\u2019utilisateur a acc\u00e9d\u00e9 au site\u00a0http:\/\/www.loopi-velo.fr, le fournisseur d\u2019acc\u00e8s de l\u2019utilisateur, l\u2019adresse de protocole Internet (IP) de l\u2019utilisateur. Moustic s\u2019engage \u00e0 ce que les traitements de donn\u00e9es \u00e0 caract\u00e8re personnel effectu\u00e9s sur http:\/\/www.loopi-velo.fr soient [&hellip;]<\/p>\n","protected":false},"author":1,"featured_media":0,"parent":0,"menu_order":0,"comment_status":"closed","ping_status":"closed","template":"","meta":{"_et_pb_use_builder":"on","_et_pb_old_content":"","_et_gb_content_width":"","footnotes":""},"class_list":["post-2252","page","type-page","status-publish","hentry"],"yoast_head":"<!-- This site is optimized with the Yoast SEO plugin v26.0 - https:\/\/yoast.com\/wordpress\/plugins\/seo\/ -->\n<title>Gestion des donn\u00e9es personnelles &#8211; Loopi<\/title>\n<meta name=\"description\" content=\"Consultez comment Loopi g\u00e8re vos donn\u00e9es personnelles en conformit\u00e9 avec le RGPD. Comprenez vos droits et responsabilit\u00e9s pour une navigation s\u00e9curis\u00e9e.\" \/>\n<meta name=\"robots\" content=\"index, follow, max-snippet:-1, max-image-preview:large, max-video-preview:-1\" \/>\n<link rel=\"canonical\" href=\"https:\/\/www.loopi.fr\/fr\/gestion-des-donnees-personnelles\/\" \/>\n<meta property=\"og:locale\" content=\"fr_FR\" \/>\n<meta property=\"og:type\" content=\"article\" \/>\n<meta property=\"og:title\" content=\"Gestion des donn\u00e9es personnelles &#8211; Loopi\" \/>\n<meta property=\"og:description\" content=\"Consultez comment Loopi g\u00e8re vos donn\u00e9es personnelles en conformit\u00e9 avec le RGPD. Comprenez vos droits et responsabilit\u00e9s pour une navigation s\u00e9curis\u00e9e.\" \/>\n<meta property=\"og:url\" content=\"https:\/\/www.loopi.fr\/fr\/gestion-des-donnees-personnelles\/\" \/>\n<meta property=\"og:site_name\" content=\"Loopi\" \/>\n<meta property=\"article:publisher\" content=\"https:\/\/www.facebook.com\/LoopiVelo\" \/>\n<meta property=\"article:modified_time\" content=\"2026-03-06T09:35:17+00:00\" \/>\n<meta property=\"og:image\" content=\"https:\/\/www.loopi.fr\/wp-content\/uploads\/2023\/09\/illustration-loopi-paysage@2x-1-scaled.webp\" \/>\n\t<meta property=\"og:image:width\" content=\"2560\" \/>\n\t<meta property=\"og:image:height\" content=\"1495\" \/>\n\t<meta property=\"og:image:type\" content=\"image\/webp\" \/>\n<meta name=\"twitter:card\" content=\"summary_large_image\" \/>\n<meta name=\"twitter:site\" content=\"@loopivelo\" \/>\n<meta name=\"twitter:label1\" content=\"Dur\u00e9e de lecture estim\u00e9e\" \/>\n\t<meta name=\"twitter:data1\" content=\"4 minutes\" \/>\n<script type=\"application\/ld+json\" class=\"yoast-schema-graph\">{\"@context\":\"https:\/\/schema.org\",\"@graph\":[{\"@type\":\"WebPage\",\"@id\":\"https:\/\/www.loopi.fr\/gestion-des-donnees-personnelles\/\",\"url\":\"https:\/\/www.loopi.fr\/gestion-des-donnees-personnelles\/\",\"name\":\"Gestion des donn\u00e9es personnelles &#8211; Loopi\",\"isPartOf\":{\"@id\":\"https:\/\/loopi-wp.moustic-multimedia.fr\/fr_fr\/#website\"},\"datePublished\":\"2023-09-04T05:37:44+00:00\",\"dateModified\":\"2026-03-06T09:35:17+00:00\",\"description\":\"Consultez comment Loopi g\u00e8re vos donn\u00e9es personnelles en conformit\u00e9 avec le RGPD. Comprenez vos droits et responsabilit\u00e9s pour une navigation s\u00e9curis\u00e9e.\",\"breadcrumb\":{\"@id\":\"https:\/\/www.loopi.fr\/gestion-des-donnees-personnelles\/#breadcrumb\"},\"inLanguage\":\"fr-FR\",\"potentialAction\":[{\"@type\":\"ReadAction\",\"target\":[\"https:\/\/www.loopi.fr\/gestion-des-donnees-personnelles\/\"]}]},{\"@type\":\"BreadcrumbList\",\"@id\":\"https:\/\/www.loopi.fr\/gestion-des-donnees-personnelles\/#breadcrumb\",\"itemListElement\":[{\"@type\":\"ListItem\",\"position\":1,\"name\":\"Accueil\",\"item\":\"https:\/\/www.loopi.fr\/fr\/\"},{\"@type\":\"ListItem\",\"position\":2,\"name\":\"Gestion des donn\u00e9es personnelles\"}]},{\"@type\":\"WebSite\",\"@id\":\"https:\/\/loopi-wp.moustic-multimedia.fr\/fr_fr\/#website\",\"url\":\"https:\/\/loopi-wp.moustic-multimedia.fr\/fr_fr\/\",\"name\":\"Loopi\",\"description\":\"Acc\u00e9l\u00e9rez votre transition vers un tourisme durable\",\"publisher\":{\"@id\":\"https:\/\/loopi-wp.moustic-multimedia.fr\/fr_fr\/#organization\"},\"potentialAction\":[{\"@type\":\"SearchAction\",\"target\":{\"@type\":\"EntryPoint\",\"urlTemplate\":\"https:\/\/loopi-wp.moustic-multimedia.fr\/fr_fr\/?s={search_term_string}\"},\"query-input\":{\"@type\":\"PropertyValueSpecification\",\"valueRequired\":true,\"valueName\":\"search_term_string\"}}],\"inLanguage\":\"fr-FR\"},{\"@type\":\"Organization\",\"@id\":\"https:\/\/loopi-wp.moustic-multimedia.fr\/fr_fr\/#organization\",\"name\":\"Loopi\",\"url\":\"https:\/\/loopi-wp.moustic-multimedia.fr\/fr_fr\/\",\"logo\":{\"@type\":\"ImageObject\",\"inLanguage\":\"fr-FR\",\"@id\":\"https:\/\/loopi-wp.moustic-multimedia.fr\/fr_fr\/#\/schema\/logo\/image\/\",\"url\":\"https:\/\/www.loopi.fr\/wp-content\/uploads\/2023\/09\/pastille-verte.png\",\"contentUrl\":\"https:\/\/www.loopi.fr\/wp-content\/uploads\/2023\/09\/pastille-verte.png\",\"width\":512,\"height\":512,\"caption\":\"Loopi\"},\"image\":{\"@id\":\"https:\/\/loopi-wp.moustic-multimedia.fr\/fr_fr\/#\/schema\/logo\/image\/\"},\"sameAs\":[\"https:\/\/www.facebook.com\/LoopiVelo\",\"https:\/\/x.com\/loopivelo\",\"https:\/\/www.instagram.com\/loopi_france\/\",\"https:\/\/fr.linkedin.com\/company\/loopi-voyage\",\"https:\/\/www.youtube.com\/@loopi2623\"]}]}<\/script>\n<!-- \/ Yoast SEO plugin. -->","yoast_head_json":{"title":"Gestion des donn\u00e9es personnelles &#8211; Loopi","description":"Consultez comment Loopi g\u00e8re vos donn\u00e9es personnelles en conformit\u00e9 avec le RGPD. Comprenez vos droits et responsabilit\u00e9s pour une navigation s\u00e9curis\u00e9e.","robots":{"index":"index","follow":"follow","max-snippet":"max-snippet:-1","max-image-preview":"max-image-preview:large","max-video-preview":"max-video-preview:-1"},"canonical":"https:\/\/www.loopi.fr\/fr\/gestion-des-donnees-personnelles\/","og_locale":"fr_FR","og_type":"article","og_title":"Gestion des donn\u00e9es personnelles &#8211; Loopi","og_description":"Consultez comment Loopi g\u00e8re vos donn\u00e9es personnelles en conformit\u00e9 avec le RGPD. Comprenez vos droits et responsabilit\u00e9s pour une navigation s\u00e9curis\u00e9e.","og_url":"https:\/\/www.loopi.fr\/fr\/gestion-des-donnees-personnelles\/","og_site_name":"Loopi","article_publisher":"https:\/\/www.facebook.com\/LoopiVelo","article_modified_time":"2026-03-06T09:35:17+00:00","og_image":[{"width":2560,"height":1495,"url":"https:\/\/www.loopi.fr\/wp-content\/uploads\/2023\/09\/illustration-loopi-paysage@2x-1-scaled.webp","type":"image\/webp"}],"twitter_card":"summary_large_image","twitter_site":"@loopivelo","twitter_misc":{"Dur\u00e9e de lecture estim\u00e9e":"4 minutes"},"schema":{"@context":"https:\/\/schema.org","@graph":[{"@type":"WebPage","@id":"https:\/\/www.loopi.fr\/gestion-des-donnees-personnelles\/","url":"https:\/\/www.loopi.fr\/gestion-des-donnees-personnelles\/","name":"Gestion des donn\u00e9es personnelles &#8211; Loopi","isPartOf":{"@id":"https:\/\/loopi-wp.moustic-multimedia.fr\/fr_fr\/#website"},"datePublished":"2023-09-04T05:37:44+00:00","dateModified":"2026-03-06T09:35:17+00:00","description":"Consultez comment Loopi g\u00e8re vos donn\u00e9es personnelles en conformit\u00e9 avec le RGPD. Comprenez vos droits et responsabilit\u00e9s pour une navigation s\u00e9curis\u00e9e.","breadcrumb":{"@id":"https:\/\/www.loopi.fr\/gestion-des-donnees-personnelles\/#breadcrumb"},"inLanguage":"fr-FR","potentialAction":[{"@type":"ReadAction","target":["https:\/\/www.loopi.fr\/gestion-des-donnees-personnelles\/"]}]},{"@type":"BreadcrumbList","@id":"https:\/\/www.loopi.fr\/gestion-des-donnees-personnelles\/#breadcrumb","itemListElement":[{"@type":"ListItem","position":1,"name":"Accueil","item":"https:\/\/www.loopi.fr\/fr\/"},{"@type":"ListItem","position":2,"name":"Gestion des donn\u00e9es personnelles"}]},{"@type":"WebSite","@id":"https:\/\/loopi-wp.moustic-multimedia.fr\/fr_fr\/#website","url":"https:\/\/loopi-wp.moustic-multimedia.fr\/fr_fr\/","name":"Loopi","description":"Acc\u00e9l\u00e9rez votre transition vers un tourisme durable","publisher":{"@id":"https:\/\/loopi-wp.moustic-multimedia.fr\/fr_fr\/#organization"},"potentialAction":[{"@type":"SearchAction","target":{"@type":"EntryPoint","urlTemplate":"https:\/\/loopi-wp.moustic-multimedia.fr\/fr_fr\/?s={search_term_string}"},"query-input":{"@type":"PropertyValueSpecification","valueRequired":true,"valueName":"search_term_string"}}],"inLanguage":"fr-FR"},{"@type":"Organization","@id":"https:\/\/loopi-wp.moustic-multimedia.fr\/fr_fr\/#organization","name":"Loopi","url":"https:\/\/loopi-wp.moustic-multimedia.fr\/fr_fr\/","logo":{"@type":"ImageObject","inLanguage":"fr-FR","@id":"https:\/\/loopi-wp.moustic-multimedia.fr\/fr_fr\/#\/schema\/logo\/image\/","url":"https:\/\/www.loopi.fr\/wp-content\/uploads\/2023\/09\/pastille-verte.png","contentUrl":"https:\/\/www.loopi.fr\/wp-content\/uploads\/2023\/09\/pastille-verte.png","width":512,"height":512,"caption":"Loopi"},"image":{"@id":"https:\/\/loopi-wp.moustic-multimedia.fr\/fr_fr\/#\/schema\/logo\/image\/"},"sameAs":["https:\/\/www.facebook.com\/LoopiVelo","https:\/\/x.com\/loopivelo","https:\/\/www.instagram.com\/loopi_france\/","https:\/\/fr.linkedin.com\/company\/loopi-voyage","https:\/\/www.youtube.com\/@loopi2623"]}]}},"_links":{"self":[{"href":"https:\/\/www.loopi.fr\/fr\/wp-json\/wp\/v2\/pages\/2252","targetHints":{"allow":["GET"]}}],"collection":[{"href":"https:\/\/www.loopi.fr\/fr\/wp-json\/wp\/v2\/pages"}],"about":[{"href":"https:\/\/www.loopi.fr\/fr\/wp-json\/wp\/v2\/types\/page"}],"author":[{"embeddable":true,"href":"https:\/\/www.loopi.fr\/fr\/wp-json\/wp\/v2\/users\/1"}],"replies":[{"embeddable":true,"href":"https:\/\/www.loopi.fr\/fr\/wp-json\/wp\/v2\/comments?post=2252"}],"version-history":[{"count":4,"href":"https:\/\/www.loopi.fr\/fr\/wp-json\/wp\/v2\/pages\/2252\/revisions"}],"predecessor-version":[{"id":35266,"href":"https:\/\/www.loopi.fr\/fr\/wp-json\/wp\/v2\/pages\/2252\/revisions\/35266"}],"wp:attachment":[{"href":"https:\/\/www.loopi.fr\/fr\/wp-json\/wp\/v2\/media?parent=2252"}],"curies":[{"name":"wp","href":"https:\/\/api.w.org\/{rel}","templated":true}]}}